{"id":1867,"date":"2026-02-16T08:23:07","date_gmt":"2026-02-16T08:23:07","guid":{"rendered":"https:\/\/parodent.ch\/?page_id=1867"},"modified":"2026-02-16T09:28:11","modified_gmt":"2026-02-16T09:28:11","slug":"paradenti-sportivi-biel","status":"publish","type":"page","link":"https:\/\/parodent.ch\/it\/sportmundschutz-biel\/","title":{"rendered":"Paradenti sportivi - Protezione sicura per i denti durante lo sport"},"content":{"rendered":"<p>Che si pratichi la pallamano, l'hockey su ghiaccio, la boxe o la mountain bike, molti sport comportano un rischio maggiore di lesioni ai denti e alla mascella. Un paradenti sportivo personalizzato protegge in modo affidabile i denti da fratture, incrinature o perdita dei denti.<\/p>\n\n\n\n<p>Una protezione sportiva professionale realizzata in uno studio dentistico offre molti vantaggi rispetto a una protezione sportiva convenzionale acquistata in un negozio, perch\u00e9 \u00e8 personalizzata per voi e per i vostri denti.<\/p>\n\n\n\n<p>Offre un sostegno ottimale e quindi una migliore protezione in caso di urti o impatti. Grazie alla vestibilit\u00e0 personalizzata, \u00e8 molto pi\u00f9 comodo da indossare e non limita la respirazione. Di norma, anche la durata e l'igiene sono migliori rispetto alla vendita al dettaglio tradizionale.<\/p>","protected":false},"excerpt":{"rendered":"<p>Ob beim Handball, Eishockey, Boxen oder Mountainbiken \u2013 viele Sportarten bergen ein erh\u00f6htes Risiko f\u00fcr Zahn- und Kieferverletzungen. Ein individuell angepasster Sportmundschutz sch\u00fctzt Ihre Z\u00e4hne zuverl\u00e4ssig vor Br\u00fcchen, Rissen oder dem Verlust Ihrer Z\u00e4hne. Ein professioneller Sportschutz, welcher in der Zahnarztpraxis hergestellt wird, bietet gegen\u00fcber einem herk\u00f6mmlichen im Handel gekauften Sportschutz viele Vorteile, denn er [&hellip;]<\/p>\n","protected":false},"author":2,"featured_media":0,"parent":0,"menu_order":0,"comment_status":"closed","ping_status":"closed","template":"","meta":{"footnotes":""},"class_list":["post-1867","page","type-page","status-publish","hentry"],"_links":{"self":[{"href":"https:\/\/parodent.ch\/it\/wp-json\/wp\/v2\/pages\/1867","targetHints":{"allow":["GET"]}}],"collection":[{"href":"https:\/\/parodent.ch\/it\/wp-json\/wp\/v2\/pages"}],"about":[{"href":"https:\/\/parodent.ch\/it\/wp-json\/wp\/v2\/types\/page"}],"author":[{"embeddable":true,"href":"https:\/\/parodent.ch\/it\/wp-json\/wp\/v2\/users\/2"}],"replies":[{"embeddable":true,"href":"https:\/\/parodent.ch\/it\/wp-json\/wp\/v2\/comments?post=1867"}],"version-history":[{"count":0,"href":"https:\/\/parodent.ch\/it\/wp-json\/wp\/v2\/pages\/1867\/revisions"}],"wp:attachment":[{"href":"https:\/\/parodent.ch\/it\/wp-json\/wp\/v2\/media?parent=1867"}],"curies":[{"name":"wp","href":"https:\/\/api.w.org\/{rel}","templated":true}]}}