{"id":1865,"date":"2026-02-16T08:22:21","date_gmt":"2026-02-16T08:22:21","guid":{"rendered":"https:\/\/parodent.ch\/?page_id=1865"},"modified":"2026-02-16T09:24:18","modified_gmt":"2026-02-16T09:24:18","slug":"interventi-chirurgici","status":"publish","type":"page","link":"https:\/\/parodent.ch\/it\/chirurgische-eingriffe\/","title":{"rendered":"Interventi chirurgici"},"content":{"rendered":"<p>Nel nostro studio eseguiamo quotidianamente interventi chirurgici utilizzando infrastrutture all'avanguardia. Grazie alle nostre radiografie 3D, siamo in grado di pianificare con estrema precisione gli interventi chirurgici e di eseguirli in tutta sicurezza. Una diagnosi e una pianificazione adeguate, cos\u00ec come l'informazione del paziente, sono la base per un trattamento di successo. Offriamo i seguenti interventi:<\/p>\n\n\n\n<ul class=\"wp-block-list\">\n<li>Estrazioni di denti<\/li>\n\n\n\n<li>Rimozione chirurgica dei denti del giudizio<\/li>\n\n\n\n<li>Chirurgia parodontale (trattamento chirurgico della parodontite)<\/li>\n\n\n\n<li>Copertura delle recessioni gengivali<\/li>\n\n\n\n<li>Resezioni della punta della radice<\/li>\n\n\n\n<li>Posizionamento degli impianti<\/li>\n\n\n\n<li>Chirurgia laser CO2 dei tessuti molli, ad esempio rimozione di bande labiali e fibromi<\/li>\n<\/ul>","protected":false},"excerpt":{"rendered":"<p>Wir f\u00fchren bei uns in der Praxis t\u00e4glich chirurgische Eingriffe mit modernster Infrastruktur durch. Dank unserem 3D R\u00f6ntgen sind wir in der Lage, die chirurgischen Eingriffe sehr pr\u00e4zise zu planen und somit auch sicher durchzuf\u00fchren. Eine saubere Diagnostik und Planung, sowie Aufkl\u00e4rung des Patienten, sind die Basis f\u00fcr eine erfolgreiche Behandlung. Folgende Eingriffe bieten wir [&hellip;]<\/p>\n","protected":false},"author":2,"featured_media":0,"parent":0,"menu_order":0,"comment_status":"closed","ping_status":"closed","template":"","meta":{"footnotes":""},"class_list":["post-1865","page","type-page","status-publish","hentry"],"_links":{"self":[{"href":"https:\/\/parodent.ch\/it\/wp-json\/wp\/v2\/pages\/1865","targetHints":{"allow":["GET"]}}],"collection":[{"href":"https:\/\/parodent.ch\/it\/wp-json\/wp\/v2\/pages"}],"about":[{"href":"https:\/\/parodent.ch\/it\/wp-json\/wp\/v2\/types\/page"}],"author":[{"embeddable":true,"href":"https:\/\/parodent.ch\/it\/wp-json\/wp\/v2\/users\/2"}],"replies":[{"embeddable":true,"href":"https:\/\/parodent.ch\/it\/wp-json\/wp\/v2\/comments?post=1865"}],"version-history":[{"count":0,"href":"https:\/\/parodent.ch\/it\/wp-json\/wp\/v2\/pages\/1865\/revisions"}],"wp:attachment":[{"href":"https:\/\/parodent.ch\/it\/wp-json\/wp\/v2\/media?parent=1865"}],"curies":[{"name":"wp","href":"https:\/\/api.w.org\/{rel}","templated":true}]}}