{"id":1859,"date":"2026-02-16T08:18:15","date_gmt":"2026-02-16T08:18:15","guid":{"rendered":"https:\/\/parodent.ch\/?page_id=1859"},"modified":"2026-02-16T09:28:02","modified_gmt":"2026-02-16T09:28:02","slug":"sbiancamento-dentale-biel","status":"publish","type":"page","link":"https:\/\/parodent.ch\/it\/zahnbleaching-biel\/","title":{"rendered":"Sbiancamento dentale - sbiancare i denti"},"content":{"rendered":"<p>Alcune sostanze e alimenti, come il t\u00e8, il vino o il fumo di tabacco, possono portare allo scolorimento dei denti. Con l'aiuto dei metodi di sbiancamento, \u00e8 possibile schiarire i denti e far risaltare il loro bianco naturale, per un sorriso radioso.<\/p>\n\n\n\n<p>A differenza dei prodotti da banco, lo sbiancamento viene eseguito da un dentista sotto la supervisione di un professionista. Utilizziamo solo materiali testati dal punto di vista medico che consentono uno sbiancamento sicuro e uniforme senza irritare le gengive o causare un'eccessiva sensibilit\u00e0 dentale.<\/p>\n\n\n\n<p>Prima del trattamento, verificheremo in un consulto dettagliato se lo sbiancamento \u00e8 ragionevole e sicuro per voi. Per ottenere il miglior risultato possibile, si raccomanda una pulizia professionale dei denti.<\/p>\n\n\n\n<p>\u00c8 importante che la carie o l'infiammazione delle gengive siano trattate prima dello sbiancamento.<\/p>\n\n\n\n<h2 class=\"wp-block-heading\">Sbiancamento a domicilio<\/h2>\n\n\n\n<p>Con lo sbiancamento domiciliare, vengono realizzate delle mascherine personalizzate che si adattano perfettamente al paziente. Le mascherine, in cui viene inserito l'agente sbiancante, vengono solitamente indossate per 1-2 ore e il processo pu\u00f2 essere ripetuto alcune volte a seconda delle necessit\u00e0. Le mascherine sbiancanti possono essere utilizzate per numerose procedure.<\/p>\n\n\n\n<h2 class=\"wp-block-heading\">Sbiancamento in ufficio<\/h2>\n\n\n\n<p>Con questo metodo i denti vengono sbiancati nello studio dentistico, cio\u00e8 l'agente sbiancante viene applicato dal personale odontoiatrico o eseguito nello studio. Il metodo in-office utilizza agenti sbiancanti pi\u00f9 forti, che rendono il processo di sbiancamento pi\u00f9 rapido ed efficace. Di norma, una seduta \u00e8 sufficiente per ottenere il risultato desiderato.<\/p>\n\n\n\n<h2 class=\"wp-block-heading\">Sbiancamento interno (per denti scoloriti e trattati alla radice)<\/h2>\n\n\n\n<p>Dopo il trattamento del canale radicolare, un dente pu\u00f2 diventare scuro all'interno. In questi casi, l'agente sbiancante viene applicato direttamente all'interno del dente. Il dente viene quindi temporaneamente sigillato e riaperto dopo alcuni giorni fino al raggiungimento del colore chiaro desiderato. Questo metodo \u00e8 adatto solo per denti singoli e devitalizzati (trattati alla radice).<\/p>\n\n\n\n<p><\/p>","protected":false},"excerpt":{"rendered":"<p>Bestimmte Substanzen und Lebensmittel wie z.B. Tee, Wein oder Tabakrauchen, k\u00f6nnen zu Verf\u00e4rbungen der Z\u00e4hne f\u00fchren. Mithilfe von Zahnaufhellungsmethoden k\u00f6nnen Sie ihre Z\u00e4hne aufhellen und ihr nat\u00fcrliches Weiss zum Vorschein bringen \u2013 f\u00fcr ein strahlendes L\u00e4cheln. Im Gegensatz zu frei verk\u00e4uflichen Produkten wird das Bleaching beim Zahnarzt unter fachlicher Kontrolle durchgef\u00fchrt. Wir verwenden ausschlie\u00dflich medizinisch [&hellip;]<\/p>\n","protected":false},"author":2,"featured_media":0,"parent":0,"menu_order":0,"comment_status":"closed","ping_status":"closed","template":"","meta":{"footnotes":""},"class_list":["post-1859","page","type-page","status-publish","hentry"],"_links":{"self":[{"href":"https:\/\/parodent.ch\/it\/wp-json\/wp\/v2\/pages\/1859","targetHints":{"allow":["GET"]}}],"collection":[{"href":"https:\/\/parodent.ch\/it\/wp-json\/wp\/v2\/pages"}],"about":[{"href":"https:\/\/parodent.ch\/it\/wp-json\/wp\/v2\/types\/page"}],"author":[{"embeddable":true,"href":"https:\/\/parodent.ch\/it\/wp-json\/wp\/v2\/users\/2"}],"replies":[{"embeddable":true,"href":"https:\/\/parodent.ch\/it\/wp-json\/wp\/v2\/comments?post=1859"}],"version-history":[{"count":0,"href":"https:\/\/parodent.ch\/it\/wp-json\/wp\/v2\/pages\/1859\/revisions"}],"wp:attachment":[{"href":"https:\/\/parodent.ch\/it\/wp-json\/wp\/v2\/media?parent=1859"}],"curies":[{"name":"wp","href":"https:\/\/api.w.org\/{rel}","templated":true}]}}