{"id":1856,"date":"2026-02-16T08:17:28","date_gmt":"2026-02-16T08:17:28","guid":{"rendered":"https:\/\/parodent.ch\/?page_id=1856"},"modified":"2026-03-06T14:34:57","modified_gmt":"2026-03-06T13:34:57","slug":"trattamento-di-anestesia","status":"publish","type":"page","link":"https:\/\/parodent.ch\/it\/narkosebehandlung\/","title":{"rendered":"Trattamento anestetico per pazienti ansiosi"},"content":{"rendered":"<p>Per molte persone la visita dal dentista \u00e8 associata a sensazioni spiacevoli. Nel nostro studio siamo abituati ad avere a che fare con pazienti ansiosi: li affrontiamo ogni giorno.<\/p>\n\n\n\n<p>L'obiettivo con i pazienti ansiosi \u00e8 quello di ridurre la loro ansia in modo da rendere possibile il trattamento. Spiegando cosa accadr\u00e0 prima di ogni fase del trattamento, i pazienti ansiosi possono prepararsi psicologicamente. Sapere cosa ci si aspetta, ad esempio che si sentir\u00e0 una pressione durante la rimozione del dente, spesso rende il trattamento meno ansiogeno.<\/p>\n\n\n\n<p>Per i pazienti che soffrono di fobia da siringa disponiamo di tecniche speciali per far s\u00ec che l'iniezione dell'anestetico locale sia avvertita il meno possibile. Il dolore causato dall'iniezione pu\u00f2 essere ridotto applicando preventivamente un anestetico di superficie (spray).<\/p>\n\n\n\n<p>Il paziente rimane pienamente cosciente e reattivo e il protossido di azoto ha un effetto ansiolitico e rilassante che consente di eseguire il trattamento.<\/p>\n\n\n\n<p>Se il trattamento non \u00e8 possibile nonostante tutta la sensibilit\u00e0 e l'uso del protossido di azoto, offriamo un trattamento in anestesia generale per adulti e bambini in collaborazione con il Centro Ospedaliero di Bienne. Nel <a href=\"https:\/\/www.spitalzentrum-biel.ch\/\" target=\"_blank\" rel=\"noopener\">Centro ospedaliero di Biel<\/a> i bambini sono trattati da anestesisti pediatrici esperti e specializzati del reparto di pediatria. <a href=\"https:\/\/www.spitalzentrum-biel.ch\/medizinisches-angebot\/abteilungen\/kinderklinik-wildermeth\" target=\"_blank\" rel=\"noopener\">Clinica pediatrica Wildermeth<\/a> trattati.<\/p>","protected":false},"excerpt":{"rendered":"<p>Ein Zahnarztbesuch ist f\u00fcr viele Menschen mit unangenehmen Gef\u00fchlen verbunden. Den Umgang mit Angstpatienten sind wir in unserer Praxis gewohnt \u2013 wir sind t\u00e4glich damit konfrontiert. Das Ziel bei Angstpatienten ist, die Angst zu reduzieren, so dass eine Behandlung m\u00f6glich wird. Indem wir vor jedem Behandlungsschritt erkl\u00e4ren, was geschieht, k\u00f6nnen sich Angstpatienten psychologisch darauf vorbereiten. [&hellip;]<\/p>\n","protected":false},"author":2,"featured_media":0,"parent":0,"menu_order":0,"comment_status":"closed","ping_status":"closed","template":"","meta":{"footnotes":""},"class_list":["post-1856","page","type-page","status-publish","hentry"],"_links":{"self":[{"href":"https:\/\/parodent.ch\/it\/wp-json\/wp\/v2\/pages\/1856","targetHints":{"allow":["GET"]}}],"collection":[{"href":"https:\/\/parodent.ch\/it\/wp-json\/wp\/v2\/pages"}],"about":[{"href":"https:\/\/parodent.ch\/it\/wp-json\/wp\/v2\/types\/page"}],"author":[{"embeddable":true,"href":"https:\/\/parodent.ch\/it\/wp-json\/wp\/v2\/users\/2"}],"replies":[{"embeddable":true,"href":"https:\/\/parodent.ch\/it\/wp-json\/wp\/v2\/comments?post=1856"}],"version-history":[{"count":0,"href":"https:\/\/parodent.ch\/it\/wp-json\/wp\/v2\/pages\/1856\/revisions"}],"wp:attachment":[{"href":"https:\/\/parodent.ch\/it\/wp-json\/wp\/v2\/media?parent=1856"}],"curies":[{"name":"wp","href":"https:\/\/api.w.org\/{rel}","templated":true}]}}