{"id":1854,"date":"2026-02-16T08:17:04","date_gmt":"2026-02-16T08:17:04","guid":{"rendered":"https:\/\/parodent.ch\/?page_id=1854"},"modified":"2026-02-16T09:27:20","modified_gmt":"2026-02-16T09:27:20","slug":"stecca-crunch-biel","status":"publish","type":"page","link":"https:\/\/parodent.ch\/it\/knirschschiene-biel\/","title":{"rendered":"Bite per digrignare i denti (bruxismo)"},"content":{"rendered":"<p>Il digrignamento dei denti o il forte serramento dei denti, noto anche come bruxismo, \u00e8 relativamente comune nella societ\u00e0. La causa \u00e8 solitamente lo stress eccessivo. La maggior parte delle persone digrigna e\/o stringe i denti di notte, motivo per cui spesso il problema non viene riconosciuto dai pazienti o viene riconosciuto troppo tardi. Un sintomo comune \u00e8 la tensione dei muscoli masticatori, soprattutto al mattino.<\/p>\n\n\n\n<p>Durante le visite odontoiatriche, quindi, prestiamo molta attenzione all'usura dei denti, le cosiddette faccette da digrignamento, causate dal bruxismo.<\/p>\n\n\n\n<p>Se soffrite di bruxismo, dovreste assolutamente farvi fare un bite da digrignamento per proteggere i denti quando li digrignate. Se non si realizza un bite per proteggere i denti, la sostanza dentale dura si consuma continuamente e i denti diventano sempre pi\u00f9 corti, con conseguenti perdite sia funzionali che estetiche. La gestione dello stress pu\u00f2 contribuire a ridurre o eliminare il bruxismo.<\/p>\n\n\n\n<p>Il bruxismo pu\u00f2 portare a disturbi dell'articolazione temporo-mandibolare e dei muscoli, le cosiddette mioartropatie. I sintomi tipici sono dolore nell'area maxillo-facciale e mal di testa. Si osservano spesso anche limitazioni dell'apertura della mandibola e ticchettii. Pi\u00f9 raramente, le mioartropatie possono anche provocare acufeni.<\/p>","protected":false},"excerpt":{"rendered":"<p>Z\u00e4hneknirschen oder auch das starke Zusammenpressen mit den Z\u00e4hnen, auch Bruxismus genannt, ist in der Gesellschaft relativ h\u00e4ufig. Die Ursache liegt meistens in \u00fcberm\u00e4ssigem Stress. Meistens wird nachts mit den Z\u00e4hnen geknirscht und\/oder gepresst, daher wird dieses Problem h\u00e4ufig von den Patienten nicht oder zu sp\u00e4t erkannt. Ein h\u00e4ufiges Anzeichen ist eine verspannte Kaumuskulatur, besonders [&hellip;]<\/p>\n","protected":false},"author":2,"featured_media":0,"parent":0,"menu_order":0,"comment_status":"closed","ping_status":"closed","template":"","meta":{"footnotes":""},"class_list":["post-1854","page","type-page","status-publish","hentry"],"_links":{"self":[{"href":"https:\/\/parodent.ch\/it\/wp-json\/wp\/v2\/pages\/1854","targetHints":{"allow":["GET"]}}],"collection":[{"href":"https:\/\/parodent.ch\/it\/wp-json\/wp\/v2\/pages"}],"about":[{"href":"https:\/\/parodent.ch\/it\/wp-json\/wp\/v2\/types\/page"}],"author":[{"embeddable":true,"href":"https:\/\/parodent.ch\/it\/wp-json\/wp\/v2\/users\/2"}],"replies":[{"embeddable":true,"href":"https:\/\/parodent.ch\/it\/wp-json\/wp\/v2\/comments?post=1854"}],"version-history":[{"count":0,"href":"https:\/\/parodent.ch\/it\/wp-json\/wp\/v2\/pages\/1854\/revisions"}],"wp:attachment":[{"href":"https:\/\/parodent.ch\/it\/wp-json\/wp\/v2\/media?parent=1854"}],"curies":[{"name":"wp","href":"https:\/\/api.w.org\/{rel}","templated":true}]}}