{"id":1852,"date":"2026-02-16T08:15:45","date_gmt":"2026-02-16T08:15:45","guid":{"rendered":"https:\/\/parodent.ch\/?page_id=1852"},"modified":"2026-02-16T09:24:13","modified_gmt":"2026-02-16T09:24:13","slug":"protesi-rimovibili","status":"publish","type":"page","link":"https:\/\/parodent.ch\/it\/abnehmbarer-zahnersatz\/","title":{"rendered":"Protesi rimovibili - protesi parziali e totali"},"content":{"rendered":"<p>Le protesi rimovibili sono particolarmente utili quando mancano pi\u00f9 denti. Le protesi parziali sono fissate ai denti rimanenti mediante elementi di fissaggio, come le chiusure metalliche (protesi modellate). Esistono anche protesi parziali di alta qualit\u00e0 estetica in combinazione con bottoni a pressione (protesi ibride), dove il metallo non \u00e8 visibile e la tenuta \u00e8 ancora migliore. Le protesi parziali possono anche essere ancorate a impianti invece che a denti, se i denti sono troppo pochi.<\/p>\n\n\n\n<p>Se non \u00e8 possibile conservare altri denti, si ricorre alla protesi completa. Se necessario, la protesi completa pu\u00f2 essere ancorata a impianti, che possono migliorare significativamente la ritenzione e la funzione vocale.<\/p>\n\n\n\n<p>Le protesi rimovibili sono spesso l'opzione pi\u00f9 economica rispetto alle protesi fisse, ma sono anche leggermente meno confortevoli. Le protesi rimovibili devono essere rimosse dalla bocca ogni giorno per pulirle.<\/p>","protected":false},"excerpt":{"rendered":"<p>Abnehmbarer Zahnersatz ist vor allem dann sinnvoll, wenn mehrere Z\u00e4hne fehlen. Teilprothese werden mithilfe von Halteelemente an den restlichen Z\u00e4hnen befestigt, wie z.B. Klammern aus Metall (Modellgussprothese). Es gibt auch \u00e4sthetisch sehr hochwertige Teilprothesen in Kombination mit Druckkn\u00f6pfen (Hybridprothesen), bei denen kein Metall mehr sichtbar und der Halt nochmals besser ist. Teilprothesen k\u00f6nnen statt an [&hellip;]<\/p>\n","protected":false},"author":2,"featured_media":0,"parent":0,"menu_order":0,"comment_status":"closed","ping_status":"closed","template":"","meta":{"footnotes":""},"class_list":["post-1852","page","type-page","status-publish","hentry"],"_links":{"self":[{"href":"https:\/\/parodent.ch\/it\/wp-json\/wp\/v2\/pages\/1852","targetHints":{"allow":["GET"]}}],"collection":[{"href":"https:\/\/parodent.ch\/it\/wp-json\/wp\/v2\/pages"}],"about":[{"href":"https:\/\/parodent.ch\/it\/wp-json\/wp\/v2\/types\/page"}],"author":[{"embeddable":true,"href":"https:\/\/parodent.ch\/it\/wp-json\/wp\/v2\/users\/2"}],"replies":[{"embeddable":true,"href":"https:\/\/parodent.ch\/it\/wp-json\/wp\/v2\/comments?post=1852"}],"version-history":[{"count":0,"href":"https:\/\/parodent.ch\/it\/wp-json\/wp\/v2\/pages\/1852\/revisions"}],"wp:attachment":[{"href":"https:\/\/parodent.ch\/it\/wp-json\/wp\/v2\/media?parent=1852"}],"curies":[{"name":"wp","href":"https:\/\/api.w.org\/{rel}","templated":true}]}}