{"id":1850,"date":"2026-02-16T08:14:18","date_gmt":"2026-02-16T08:14:18","guid":{"rendered":"https:\/\/parodent.ch\/?page_id=1850"},"modified":"2026-02-27T08:14:12","modified_gmt":"2026-02-27T08:14:12","slug":"protesi-fisse","status":"publish","type":"page","link":"https:\/\/parodent.ch\/it\/fester-zahnersatz\/","title":{"rendered":"Protesi fissa"},"content":{"rendered":"<p>Se i denti sono troppo danneggiati o persi, le corone e i ponti, cos\u00ec come gli impianti, aiutano a ripristinare la funzione e l'estetica. Sono tra le forme pi\u00f9 collaudate di protesi fisse e danno sicurezza quando si mastica, si parla e si sorride, quasi come i propri denti.<\/p>\n\n\n\n<h2 class=\"wp-block-heading\">Corona dentale<\/h2>\n\n\n\n<p>La corona viene utilizzata quando un dente \u00e8 talmente danneggiato che un'otturazione convenzionale non \u00e8 pi\u00f9 sufficiente. Il dente rimane intatto e non viene rimosso. Le corone dentali sono solitamente realizzate in ceramica in collaborazione con l'odontotecnico e sono personalizzate per il paziente, come un abito su misura. I vantaggi di una corona in ceramica rispetto a un'otturazione tradizionale sono che la corona \u00e8 molto pi\u00f9 stabile e duratura. Inoltre, \u00e8 molto pi\u00f9 vicina all'anatomia naturale del dente, per cui i punti di contatto con i denti vicini sono molto pi\u00f9 vicini e tra i denti si accumulano meno residui di cibo, il che riduce notevolmente il rischio di parodontite.<\/p>\n\n\n\n<h2 class=\"wp-block-heading\">Indicazioni per una corona<\/h2>\n\n\n\n<p>Denti gravemente danneggiati (ad esempio a causa di carie), fratture, incidenti, denti con trattamento canalare, miglioramento estetico.<\/p>\n\n\n\n<h2 class=\"wp-block-heading\">Ponte<\/h2>\n\n\n\n<p>Un ponte sostituisce uno o pi\u00f9 denti mancanti. I denti vicini vengono leggermente rettificati e utilizzati come pilastri per ancorare saldamente il ponte. I ponti sono solitamente realizzati in ceramica ad alta resistenza in collaborazione con l'odontotecnico. Il ponte fisso pu\u00f2 essere un'alternativa all'impianto, soprattutto se i denti pilastro sono gi\u00e0 gravemente danneggiati e quindi \u00e8 necessario sacrificare poca o nessuna struttura dentale sana durante la molatura.<\/p>\n\n\n\n<p id=\"implantat\"><\/p>\n\n\n\n<h2 class=\"wp-block-heading\">Impianto<\/h2>\n\n\n\n<p>L'impianto dentale (radice artificiale del dente) consente di sostituire i denti mancanti senza dover molare i denti vicini, come avverrebbe con un ponte supportato da denti. In termini di funzionalit\u00e0 e comfort, gli impianti dentali si avvicinano maggiormente ai denti naturali. Gli impianti possono essere inseriti con un'anestesia locale (iniezione) e non richiedono un'anestesia generale. Un impianto dentale \u00e8 realizzato in titanio biocompatibile e si ossifica saldamente con l'osso mascellare dopo l'inserimento. Prima che l'impianto possa essere caricato (ad esempio con una corona in ceramica), di solito deve guarire per 2-3 mesi. Gli impianti dentali possono essere utilizzati per sostituire uno o pi\u00f9 denti. Gli impianti dentali sono una sorta di \u00absistema modulare\u00bb. Ad esempio, possono essere utilizzati con elementi di contenimento a sfera per ancorare le protesi dentarie al fine di migliorarne la ritenzione e la stabilit\u00e0.<\/p>\n\n\n\n<p>Se non ci sono fattori legati alla medicina generale, al consumo eccessivo di tabacco o alla parodontite, di solito gli impianti dentali possono essere inseriti anche in et\u00e0 avanzata.<\/p>\n\n\n\n<p><\/p>","protected":false},"excerpt":{"rendered":"<p>Wenn Z\u00e4hne zu stark besch\u00e4digt oder verloren gegangen sind, helfen Kronen und Br\u00fccken, sowie Implantate, die Funktion und \u00c4sthetik wiederherzustellen. Sie z\u00e4hlen zu den bew\u00e4hrten Formen des festen Zahnersatzes und geben Ihnen Sicherheit beim Kauen, Sprechen und L\u00e4cheln \u2013 fast wie die eigenen Z\u00e4hne. Zahnkrone Eine Krone kommt zum Einsatz, wenn ein Zahn so stark [&hellip;]<\/p>\n","protected":false},"author":2,"featured_media":0,"parent":0,"menu_order":0,"comment_status":"closed","ping_status":"closed","template":"","meta":{"footnotes":""},"class_list":["post-1850","page","type-page","status-publish","hentry"],"_links":{"self":[{"href":"https:\/\/parodent.ch\/it\/wp-json\/wp\/v2\/pages\/1850","targetHints":{"allow":["GET"]}}],"collection":[{"href":"https:\/\/parodent.ch\/it\/wp-json\/wp\/v2\/pages"}],"about":[{"href":"https:\/\/parodent.ch\/it\/wp-json\/wp\/v2\/types\/page"}],"author":[{"embeddable":true,"href":"https:\/\/parodent.ch\/it\/wp-json\/wp\/v2\/users\/2"}],"replies":[{"embeddable":true,"href":"https:\/\/parodent.ch\/it\/wp-json\/wp\/v2\/comments?post=1850"}],"version-history":[{"count":0,"href":"https:\/\/parodent.ch\/it\/wp-json\/wp\/v2\/pages\/1850\/revisions"}],"wp:attachment":[{"href":"https:\/\/parodent.ch\/it\/wp-json\/wp\/v2\/media?parent=1850"}],"curies":[{"name":"wp","href":"https:\/\/api.w.org\/{rel}","templated":true}]}}