{"id":1841,"date":"2026-02-16T07:43:07","date_gmt":"2026-02-16T07:43:07","guid":{"rendered":"https:\/\/parodent.ch\/?page_id=1841"},"modified":"2026-02-26T15:35:54","modified_gmt":"2026-02-26T15:35:54","slug":"otturazioni-dentali-biel","status":"publish","type":"page","link":"https:\/\/parodent.ch\/it\/zahnfuellungen-biel\/","title":{"rendered":"Otturazioni dentali - Cariologia"},"content":{"rendered":"<p>Le otturazioni in plastica sono utilizzate principalmente nel trattamento delle carie (conosciute colloquialmente come \u00abbuchi nel dente\u00bb) e dei difetti conseguenti a incidenti. Grazie alle moderne tecniche adesive, \u00e8 possibile preservare al massimo la struttura del dente e ottenere un risultato estetico ottimale utilizzando otturazioni di colore dentale.<\/p>\n\n\n\n<p>I difetti di piccole e medie dimensioni possono di solito essere trattati molto bene con otturazioni in resina, che sono poco costose e di solito soddisfano anche i requisiti estetici. Nel caso di difetti molto grandi, tuttavia, il materiale plastico raggiunge i suoi limiti, in quanto spesso non \u00e8 in grado di sopportare il carico masticatorio e si pu\u00f2 ottenere solo un debole contatto con i denti vicini, il che pu\u00f2 portare a una maggiore quantit\u00e0 di residui di cibo tra i denti e al rischio di <a href=\"https:\/\/parodent.ch\/it\/parodontologia-biel\/\" data-type=\"page\" data-id=\"1618\">Parodontite<\/a> aumenti. Per i difetti di grandi dimensioni si consigliano quindi restauri in ceramica (corone parziali, corone), che sono molto pi\u00f9 stabili e si scoloriscono meno rapidamente della plastica.<\/p>","protected":false},"excerpt":{"rendered":"<p>Kunststoff-F\u00fcllungen werden haupts\u00e4chlich bei Behandlungen von Karies (umgangssprachlich \u00abLoch im Zahn\u00bb) und Defekten nach Unf\u00e4llen eingesetzt. Durch moderne adh\u00e4sive Techniken kann die Zahnhartsubstanz maximal erhalten und ein optimales \u00e4sthetisches Ergebnis erreicht werden, in dem zahnfarbene F\u00fcllungen eingesetzt werden. Kleine bis mittelgrosse Defekte lassen sich in der Regel sehr gut mit F\u00fcllungen aus Kunststoff versorgen, was [&hellip;]<\/p>\n","protected":false},"author":2,"featured_media":0,"parent":0,"menu_order":0,"comment_status":"closed","ping_status":"closed","template":"","meta":{"footnotes":""},"class_list":["post-1841","page","type-page","status-publish","hentry"],"_links":{"self":[{"href":"https:\/\/parodent.ch\/it\/wp-json\/wp\/v2\/pages\/1841","targetHints":{"allow":["GET"]}}],"collection":[{"href":"https:\/\/parodent.ch\/it\/wp-json\/wp\/v2\/pages"}],"about":[{"href":"https:\/\/parodent.ch\/it\/wp-json\/wp\/v2\/types\/page"}],"author":[{"embeddable":true,"href":"https:\/\/parodent.ch\/it\/wp-json\/wp\/v2\/users\/2"}],"replies":[{"embeddable":true,"href":"https:\/\/parodent.ch\/it\/wp-json\/wp\/v2\/comments?post=1841"}],"version-history":[{"count":0,"href":"https:\/\/parodent.ch\/it\/wp-json\/wp\/v2\/pages\/1841\/revisions"}],"wp:attachment":[{"href":"https:\/\/parodent.ch\/it\/wp-json\/wp\/v2\/media?parent=1841"}],"curies":[{"name":"wp","href":"https:\/\/api.w.org\/{rel}","templated":true}]}}