{"id":1824,"date":"2026-02-16T07:11:20","date_gmt":"2026-02-16T07:11:20","guid":{"rendered":"https:\/\/parodent.ch\/?page_id=1824"},"modified":"2026-03-16T11:48:48","modified_gmt":"2026-03-16T10:48:48","slug":"emergenza","status":"publish","type":"page","link":"https:\/\/parodent.ch\/it\/notfall\/","title":{"rendered":"Emergenza"},"content":{"rendered":"<div data-elementor-type=\"wp-page\" data-elementor-id=\"1824\" class=\"elementor elementor-1824\" data-elementor-post-type=\"page\">\n\t\t\t\t<div class=\"elementor-element elementor-element-616e76f1 e-flex e-con-boxed e-con e-parent\" data-id=\"616e76f1\" data-element_type=\"container\" data-e-type=\"container\">\n\t\t\t\t\t<div class=\"e-con-inner\">\n\t\t\t\t<div class=\"elementor-element elementor-element-20cbafb4 elementor-widget elementor-widget-text-editor\" data-id=\"20cbafb4\" data-element_type=\"widget\" data-e-type=\"widget\" data-widget_type=\"text-editor.default\">\n\t\t\t\t\t\t\t\t\t\n<p>In caso di emergenza, vi offriamo un'assistenza rapida, di solito il giorno stesso. Se per un'emergenza avete bisogno di cure odontoiatriche al di fuori dei nostri orari di apertura, il servizio odontoiatrico regionale \u00e8 a vostra disposizione. <a href=\"https:\/\/zahnaerzte-biel-bienne.ch\/notfalldienst\/\" target=\"_blank\" rel=\"noopener\">Servizio di emergenza dell'SSO<\/a> disponibile.<\/p>\n\t\t\t\t\t\t\t\t<\/div>\n\t\t<!-- dce invisible element 66575d4 -->\t\t<div data-dce-text-color=\"#111111\" class=\"elementor-element elementor-element-66575d4 elementor-widget elementor-widget-text-editor\" data-id=\"66575d4\" data-element_type=\"widget\" data-e-type=\"widget\" data-settings=\"{&quot;enabled_visibility&quot;:&quot;yes&quot;,&quot;dce_visibility_selected&quot;:&quot;yes&quot;}\" data-widget_type=\"text-editor.default\">\n\t\t<p>Telefono: <a href=\"tel:0900903903\">0900 903 903<\/a><\/p>\t\t<\/div>\n\t\t\t\t<div class=\"elementor-element elementor-element-efaa999 elementor-widget elementor-widget-text-editor\" data-id=\"efaa999\" data-element_type=\"widget\" data-e-type=\"widget\" data-widget_type=\"text-editor.default\">\n\t\t\t\t\t\t\t\t\t\n<h2 class=\"wp-block-heading\">Che cos'\u00e8 un'emergenza dentale e quando \u00e8 necessario contattare il dentista tempestivamente o immediatamente?<\/h2>\n\n<ul class=\"wp-block-list\">\n<li>Insorgenza improvvisa di un dolore intenso che non si attenua a sufficienza con gli antidolorifici convenzionali e che limita gravemente la qualit\u00e0 della vita<\/li>\n\n<li>Il gonfiore nell'area maxillo-facciale potrebbe indicare la presenza di ascessi; \u00e8 necessario contattare rapidamente un dentista, soprattutto se accompagnato da febbre.<\/li>\n\n<li>In caso di incidenti ai denti, l'ideale sarebbe contattare immediatamente il dentista per telefono. A seconda della situazione, si decider\u00e0 se \u00e8 necessario un trattamento immediato.<\/li>\n<\/ul>\n\n<p>Gli incidenti pi\u00f9 comuni comportano fratture da lievi a moderate dei denti anteriori; molto raramente, l'intero dente pu\u00f2 essere messo fuori uso (avulsione). L'ideale sarebbe mettere rapidamente il frammento fratturato o il dente intero in una scatola di salvataggio per denti (Dentosafe Box), acquistabile in qualsiasi farmacia. Se non si dispone di una cassetta di salvataggio, mettere il frammento o il dente nel latte. \u00c8 molto importante non pulire il frammento o il dente caduto e toccarlo con attenzione! Contattare subito dopo il dentista o il servizio di emergenza dentale.<\/p>\n\n<p>Anche se si subisce un incidente dentale e non sono visibili danni, \u00e8 necessario recarsi dal dentista in modo che l'incidente possa essere segnalato alla compagnia di assicurazione contro gli infortuni. In caso di conseguenze tardive, si pu\u00f2 ricorrere alle prestazioni dell'assicurazione contro gli infortuni.<\/p>\n\t\t\t\t\t\t\t\t<\/div>\n\t\t<div class=\"elementor-element elementor-element-ef99919 e-con-full e-flex e-con e-child\" data-id=\"ef99919\" data-element_type=\"container\" data-e-type=\"container\">\n\t\t\t\t<div class=\"elementor-element elementor-element-741e708 elementor-align-center elementor-widget elementor-widget-button\" data-id=\"741e708\" data-element_type=\"widget\" data-e-type=\"widget\" data-widget_type=\"button.default\">\n\t\t\t\t\t\t\t\t\t\t<a class=\"elementor-button elementor-button-link elementor-size-sm\" href=\"https:\/\/parodent.ch\/wp-content\/uploads\/2026\/02\/Merkblatt-Unfall-1.pdf\" target=\"_blank\">\n\t\t\t\t\t\t<span class=\"elementor-button-content-wrapper\">\n\t\t\t\t\t\t\t\t\t<span class=\"elementor-button-text\">Opuscolo sugli incidenti dentali<\/span>\n\t\t\t\t\t<\/span>\n\t\t\t\t\t<\/a>\n\t\t\t\t\t\t\t\t<\/div>\n\t\t\t\t<div class=\"elementor-element elementor-element-c56a5ff elementor-align-center elementor-widget elementor-widget-button\" data-id=\"c56a5ff\" data-element_type=\"widget\" data-e-type=\"widget\" data-widget_type=\"button.default\">\n\t\t\t\t\t\t\t\t\t\t<a class=\"elementor-button elementor-button-link elementor-size-sm\" href=\"https:\/\/parodent.ch\/wp-content\/uploads\/2026\/02\/Merkblatt-Zahnunfall-2.pdf\" target=\"_blank\">\n\t\t\t\t\t\t<span class=\"elementor-button-content-wrapper\">\n\t\t\t\t\t\t\t\t\t<span class=\"elementor-button-text\">Foglietto illustrativo degli incidenti ai denti da latte<\/span>\n\t\t\t\t\t<\/span>\n\t\t\t\t\t<\/a>\n\t\t\t\t\t\t\t\t<\/div>\n\t\t\t\t<\/div>\n\t\t\t\t\t<\/div>\n\t\t\t\t<\/div>\n\t\t\t\t<\/div>","protected":false},"excerpt":{"rendered":"<p>F\u00fcr Notf\u00e4lle bieten wir Ihnen rasche Hilfe an, in der Regel noch am selben Tag. Sollten Sie ausserhalb unserer \u00d6ffnungszeiten aufgrund eines Notfalles eine zahn\u00e4rztliche Behandlung brauchen, steht Ihnen der regionale zahn\u00e4rztliche Notfalldienst der SSO zur Verf\u00fcgung. Telefon: 032 329 90 00 Was ist ein zahn\u00e4rztlicher Notfall und wann sollten Sie den Zahnarzt zeitnah oder [&hellip;]<\/p>\n","protected":false},"author":2,"featured_media":0,"parent":0,"menu_order":0,"comment_status":"closed","ping_status":"closed","template":"","meta":{"footnotes":""},"class_list":["post-1824","page","type-page","status-publish","hentry"],"_links":{"self":[{"href":"https:\/\/parodent.ch\/it\/wp-json\/wp\/v2\/pages\/1824","targetHints":{"allow":["GET"]}}],"collection":[{"href":"https:\/\/parodent.ch\/it\/wp-json\/wp\/v2\/pages"}],"about":[{"href":"https:\/\/parodent.ch\/it\/wp-json\/wp\/v2\/types\/page"}],"author":[{"embeddable":true,"href":"https:\/\/parodent.ch\/it\/wp-json\/wp\/v2\/users\/2"}],"replies":[{"embeddable":true,"href":"https:\/\/parodent.ch\/it\/wp-json\/wp\/v2\/comments?post=1824"}],"version-history":[{"count":0,"href":"https:\/\/parodent.ch\/it\/wp-json\/wp\/v2\/pages\/1824\/revisions"}],"wp:attachment":[{"href":"https:\/\/parodent.ch\/it\/wp-json\/wp\/v2\/media?parent=1824"}],"curies":[{"name":"wp","href":"https:\/\/api.w.org\/{rel}","templated":true}]}}