{"id":1585,"date":"2026-01-28T20:01:42","date_gmt":"2026-01-28T20:01:42","guid":{"rendered":"https:\/\/parodent.ch\/?page_id=1585"},"modified":"2026-02-27T07:59:53","modified_gmt":"2026-02-27T07:59:53","slug":"igiene-dentale-biel","status":"publish","type":"page","link":"https:\/\/parodent.ch\/it\/dentalhygiene-biel\/","title":{"rendered":"Igiene dentale"},"content":{"rendered":"\t\t<div data-elementor-type=\"wp-page\" data-elementor-id=\"1585\" class=\"elementor elementor-1585\" data-elementor-post-type=\"page\">\n\t\t\t\t<div class=\"elementor-element elementor-element-32b685b1 e-flex e-con-boxed e-con e-parent\" data-id=\"32b685b1\" data-element_type=\"container\" data-e-type=\"container\">\n\t\t\t\t\t<div class=\"e-con-inner\">\n\t\t\t\t<div class=\"elementor-element elementor-element-3a969d88 elementor-widget elementor-widget-text-editor\" data-id=\"3a969d88\" data-element_type=\"widget\" data-e-type=\"widget\" data-widget_type=\"text-editor.default\">\n\t\t\t\t\t\t\t\t\t\n<h2 class=\"wp-block-heading\">Gesunde Z\u00e4hne beginnen mit der richtigen Mundhygiene<\/h2>\n\n<p>Unsere Praxis legt grossen Wert auf Prophylaxe und Zahnerhalt, denn das Risiko f\u00fcr viele Zahn- und Zahnfleischerkrankungen, wie Karies und Parodontitis, l\u00e4sst sich durch eine gute Mundhygiene entscheidend senken.<\/p>\n\n<p>In unserer Praxis in Biel steht Ihnen ein eingespieltes Team aus\u00a0<strong>erfahrenen Dentalhygienikerinnen<\/strong>\u00a0zur Seite, welches Sie optimal zu Ihrer Mundhygiene beraten kann und f\u00fcr Sie ein individuelles Mundhygiene-Programm zusammenstellt. Eine optimale Mundhygiene tr\u00e4gt entscheidend dazu bei, Karies und Parodontitis nicht entstehen zu lassen und Ihre Z\u00e4hne gesund zu halten.<\/p>\n\n<h2 class=\"wp-block-heading\">Warum ist regelm\u00e4ssige Dentalhygiene in einer Zahnarztpraxis so wichtig?<\/h2>\n\n<p>Auch bei gr\u00fcndlicher Zahnpflege zu Hause bleiben oft schwer zug\u00e4ngliche Stellen unzureichend gereinigt. Dort k\u00f6nnen sich bakterielle Bel\u00e4ge (Plaque) und Zahnstein festsetzen \u2013 h\u00e4ufige Ausl\u00f6ser f\u00fcr Karies, Gingivitis oder Parodontitis.<\/p>\n\n<p>W\u00e4hrend einer regelm\u00e4ssigen professionellen Zahnreinigung bei der Dentalhygienikerin werden die f\u00fcr Sie schwer zug\u00e4nglichen Stellen gereinigt und so von Plaque und Zahnstein entfernt. Mit der Entfernung von Plaque und Zahnstein werden sch\u00e4dliche Bakterien im Mund reduziert und das Risiko f\u00fcr Krankheiten wie Karies und Parodontitis entscheidend minimiert.<\/p>\n\n<p>W\u00e4hrend der Dentalhygiene findet in der Regel die regelm\u00e4ssige j\u00e4hrliche Kontrolle durch den Zahnarzt statt. Durch moderne Diagnose-M\u00f6glichkeiten lassen sich Krankheiten im fr\u00fchen Anfangsstadium erkennen und fr\u00fchzeitig behandeln, bevor grosser Schaden entsteht. Eine fr\u00fchzeitige Erkennung und Behandlung von Erkrankungen wie z.B. Karies und Parodontitis sind entscheidend f\u00fcr den langfristigen Zahnerhalt.<\/p>\n\n<p>Durch regelm\u00e4sssige Dentalhygiene Sitzungen wird auch das nat\u00fcrliche Zahnweiss erhalten und der Atem aufgefrischt.<\/p>\n\n<h2 class=\"wp-block-heading\">Was beinhaltet eine professionelle Zahnreinigung bei der Dentalhygienikerin?<\/h2>\n\n<p>Unsere speziell ausgebildeten Dentalhygienikerinnen f\u00fchren jede Reinigung mit gr\u00f6sster Sorgfalt und auf Ihre individuellen Bed\u00fcrfnisse abgestimmt durch. Die Behandlung umfasst:<br \/>\u25cf Kontrolle der Mundschleimhaut und Zunge<br \/>\u25cf Sanfte Reinigung mit Ultraschallger\u00e4ten und Handinstrumenten zur Entfernung von weichen und harten Bel\u00e4gen wie Plaque und Zahnstein ober- und unterhalb des Zahnfleischrandes<br \/>\u25cf Eine Lokalan\u00e4sthesie kann wenn n\u00f6tig oder auf Wunsch durch den Zahnarzt durchgef\u00fchrt werden, damit die Behandlung m\u00f6glichst schmerzfrei abl\u00e4uft<br \/>\u25cf Entfernung von Verf\u00e4rbungen<\/p>\n\n<p>\u25cf Politur der Zahnoberfl\u00e4chen f\u00fcr ein glattes, sauberes Gef\u00fchl<\/p>\n\n<p>\u25cf Fluoridierung zum Schutz vor Karies<\/p>\n\n<p>\u25cf Individuelle Mundhygieneberatung mit Tipps und Abgabe von Mundhygiene Hilfsmittel zur optimalen Zahnpflege zu Hause<\/p>\n\n<p>Dabei nehmen wir uns Zeit f\u00fcr Sie und gehen behutsam auf Empfindlichkeiten oder eventuelle Vorerkrankungen ein.<\/p>\n\n<h2 class=\"wp-block-heading\">Wie oft ist eine Dentalhygiene sinnvoll?<\/h2>\n\n<p>F\u00fcr die meisten Patient:innen empfehlen wir eine Zahnreinigung alle sechs bis zw\u00f6lf Monate. In bestimmten F\u00e4llen \u2013 etwa bei Parodontitis, Schwangerschaft oder kieferorthop\u00e4discher Behandlung \u2013 k\u00f6nnen h\u00e4ufigere Sitzungen sinnvoll sein.<br \/>Im pers\u00f6nlichen Gespr\u00e4ch kl\u00e4ren wir, welches Intervall f\u00fcr Sie ideal ist.<\/p>\n<h2 class=\"wp-block-heading\">Unser Fachteam f\u00fcr Dentalhygiene \u2013 Ihre Expertinnen f\u00fcr Prophylaxe<\/h2>\n<p><\/p>\n<p>In unserer Praxis arbeiten Dentalhygienikerinnen, die sich ausschliesslich der pr\u00e4ventiven Zahnmedizin widmen. Ihre umfassende Ausbildung, langj\u00e4hrige Erfahrung und ihr feinf\u00fchliges Vorgehen sorgen daf\u00fcr, dass Sie sich bei uns jederzeit in besten H\u00e4nden wissen \u2013 auch dann, wenn Ihre letzte Zahnreinigung schon etwas l\u00e4nger zur\u00fcckliegt oder Sie besonders empfindlich reagieren.<\/p>\n\t\t\t\t\t\t\t\t<\/div>\n\t\t\t\t\t<\/div>\n\t\t\t\t<\/div>\n\t\t<div class=\"elementor-element elementor-element-d6004b7 e-con-full e-flex e-con e-parent\" data-id=\"d6004b7\" data-element_type=\"container\" data-e-type=\"container\">\n\t\t\t\t<div class=\"elementor-element elementor-element-a27e456 elementor-widget elementor-widget-heading\" data-id=\"a27e456\" data-element_type=\"widget\" data-e-type=\"widget\" data-widget_type=\"heading.default\">\n\t\t\t\t\t<h2 class=\"elementor-heading-title elementor-size-default\">Ihre Ansprechspartner<\/h2>\t\t\t\t<\/div>\n\t\t\t\t<div class=\"elementor-element elementor-element-20deea7 elementor-widget elementor-widget-n-carousel\" data-id=\"20deea7\" data-element_type=\"widget\" data-e-type=\"widget\" data-settings=\"{&quot;carousel_items&quot;:[{&quot;_id&quot;:&quot;1c0a39a&quot;,&quot;slide_title&quot;:&quot;Slide 3&quot;},{&quot;_id&quot;:&quot;77698a6&quot;,&quot;slide_title&quot;:&quot;Slide 4&quot;}],&quot;slides_to_show&quot;:&quot;3&quot;,&quot;slides_to_scroll&quot;:&quot;1&quot;,&quot;image_spacing_custom&quot;:{&quot;unit&quot;:&quot;px&quot;,&quot;size&quot;:30,&quot;sizes&quot;:[]},&quot;slides_to_show_tablet&quot;:&quot;3&quot;,&quot;slides_to_show_mobile&quot;:&quot;2&quot;,&quot;image_spacing_custom_mobile&quot;:{&quot;unit&quot;:&quot;px&quot;,&quot;size&quot;:10,&quot;sizes&quot;:[]},&quot;image_spacing_custom_tablet&quot;:{&quot;unit&quot;:&quot;px&quot;,&quot;size&quot;:20,&quot;sizes&quot;:[]},&quot;speed&quot;:500}\" data-widget_type=\"nested-carousel.default\">\n\t\t\t\t\t\t\t<div class=\"e-n-carousel swiper\" role=\"region\" aria-roledescription=\"carousel\" aria-label=\"Karussell\" dir=\"ltr\">\n\t\t\t<div class=\"swiper-wrapper\" aria-live=\"polite\">\n\t\t\t\t\t\t\t\t\t\t<div class=\"swiper-slide\" data-slide=\"1\" role=\"group\" aria-roledescription=\"slide\" aria-label=\"1 of 2\">\n\t\t\t\t\t\t\t<div class=\"elementor-element elementor-element-cb5c622 e-flex e-con-boxed e-con e-child\" data-id=\"cb5c622\" data-element_type=\"container\" data-e-type=\"container\">\n\t\t\t\t\t<div class=\"e-con-inner\">\n\t\t\t\t<div class=\"elementor-element elementor-element-707efcf elementor-widget elementor-widget-image\" data-id=\"707efcf\" data-element_type=\"widget\" data-e-type=\"widget\" data-widget_type=\"image.default\">\n\t\t\t\t\t\t\t\t\t\t\t\t\t\t\t<img fetchpriority=\"high\" decoding=\"async\" width=\"791\" height=\"1024\" src=\"https:\/\/parodent.ch\/wp-content\/uploads\/2026\/01\/Mandy-Fux-scaled-1-791x1024.jpg\" class=\"attachment-large size-large wp-image-1440\" alt=\"\" srcset=\"https:\/\/parodent.ch\/wp-content\/uploads\/2026\/01\/Mandy-Fux-scaled-1-791x1024.jpg 791w, https:\/\/parodent.ch\/wp-content\/uploads\/2026\/01\/Mandy-Fux-scaled-1-232x300.jpg 232w, https:\/\/parodent.ch\/wp-content\/uploads\/2026\/01\/Mandy-Fux-scaled-1-768x994.jpg 768w, https:\/\/parodent.ch\/wp-content\/uploads\/2026\/01\/Mandy-Fux-scaled-1-1187x1536.jpg 1187w, https:\/\/parodent.ch\/wp-content\/uploads\/2026\/01\/Mandy-Fux-scaled-1-1582x2048.jpg 1582w, https:\/\/parodent.ch\/wp-content\/uploads\/2026\/01\/Mandy-Fux-scaled-1.jpg 1978w\" sizes=\"(max-width: 791px) 100vw, 791px\" \/>\t\t\t\t\t\t\t\t\t\t\t\t\t\t\t<\/div>\n\t\t<div class=\"elementor-element elementor-element-29d3c30 e-con-full e-flex e-con e-child\" data-id=\"29d3c30\" data-element_type=\"container\" data-e-type=\"container\">\n\t\t\t\t<div class=\"elementor-element elementor-element-5077f32 elementor-widget elementor-widget-heading\" data-id=\"5077f32\" data-element_type=\"widget\" data-e-type=\"widget\" data-widget_type=\"heading.default\">\n\t\t\t\t\t<h3 class=\"elementor-heading-title elementor-size-default\">Mandy Fux<\/h3>\t\t\t\t<\/div>\n\t\t\t\t<div class=\"elementor-element elementor-element-e51dc58 elementor-widget elementor-widget-heading\" data-id=\"e51dc58\" data-element_type=\"widget\" data-e-type=\"widget\" data-widget_type=\"heading.default\">\n\t\t\t\t\t<div class=\"elementor-heading-title elementor-size-default\">Dentalhygiene &amp; Administration<\/div>\t\t\t\t<\/div>\n\t\t\t\t<\/div>\n\t\t\t\t\t<\/div>\n\t\t\t\t<\/div>\n\t\t\t\t\t\t\t\t<\/div>\n\t\t\t\t\t\t\t\t\t\t\t<div class=\"swiper-slide\" data-slide=\"2\" role=\"group\" aria-roledescription=\"slide\" aria-label=\"2 of 2\">\n\t\t\t\t\t\t\t<div class=\"elementor-element elementor-element-5fc3ca5 e-flex e-con-boxed e-con e-child\" data-id=\"5fc3ca5\" data-element_type=\"container\" data-e-type=\"container\">\n\t\t\t\t\t<div class=\"e-con-inner\">\n\t\t\t\t<div class=\"elementor-element elementor-element-2cc2ea2 elementor-widget elementor-widget-image\" data-id=\"2cc2ea2\" data-element_type=\"widget\" data-e-type=\"widget\" data-widget_type=\"image.default\">\n\t\t\t\t\t\t\t\t\t\t\t\t\t\t\t<img decoding=\"async\" width=\"791\" height=\"1024\" src=\"https:\/\/parodent.ch\/wp-content\/uploads\/2026\/01\/Luna-Mader-scaled-1-791x1024.jpg\" class=\"attachment-large size-large wp-image-1441\" alt=\"\" srcset=\"https:\/\/parodent.ch\/wp-content\/uploads\/2026\/01\/Luna-Mader-scaled-1-791x1024.jpg 791w, https:\/\/parodent.ch\/wp-content\/uploads\/2026\/01\/Luna-Mader-scaled-1-232x300.jpg 232w, https:\/\/parodent.ch\/wp-content\/uploads\/2026\/01\/Luna-Mader-scaled-1-768x994.jpg 768w, https:\/\/parodent.ch\/wp-content\/uploads\/2026\/01\/Luna-Mader-scaled-1-1187x1536.jpg 1187w, https:\/\/parodent.ch\/wp-content\/uploads\/2026\/01\/Luna-Mader-scaled-1-1582x2048.jpg 1582w, https:\/\/parodent.ch\/wp-content\/uploads\/2026\/01\/Luna-Mader-scaled-1.jpg 1978w\" sizes=\"(max-width: 791px) 100vw, 791px\" \/>\t\t\t\t\t\t\t\t\t\t\t\t\t\t\t<\/div>\n\t\t<div class=\"elementor-element elementor-element-1e577e9 e-con-full e-flex e-con e-child\" data-id=\"1e577e9\" data-element_type=\"container\" data-e-type=\"container\">\n\t\t\t\t<div class=\"elementor-element elementor-element-18ce0c0 elementor-widget elementor-widget-heading\" data-id=\"18ce0c0\" data-element_type=\"widget\" data-e-type=\"widget\" data-widget_type=\"heading.default\">\n\t\t\t\t\t<h3 class=\"elementor-heading-title elementor-size-default\">Luna Mader<\/h3>\t\t\t\t<\/div>\n\t\t\t\t<div class=\"elementor-element elementor-element-f1f403e elementor-widget elementor-widget-heading\" data-id=\"f1f403e\" data-element_type=\"widget\" data-e-type=\"widget\" data-widget_type=\"heading.default\">\n\t\t\t\t\t<div class=\"elementor-heading-title elementor-size-default\">Dentalhygiene<\/div>\t\t\t\t<\/div>\n\t\t\t\t<\/div>\n\t\t\t\t\t<\/div>\n\t\t\t\t<\/div>\n\t\t\t\t\t\t\t\t<\/div>\n\t\t\t\t\t\t\t\t<\/div>\n\t\t<\/div>\n\t\t\t\t\t\t<\/div>\n\t\t\t\t<\/div>\n\t\t\t\t<\/div>\n\t\t","protected":false},"excerpt":{"rendered":"<p>Gesunde Z\u00e4hne beginnen mit der richtigen Mundhygiene Unsere Praxis legt grossen Wert auf Prophylaxe und Zahnerhalt, denn das Risiko f\u00fcr viele Zahn- und Zahnfleischerkrankungen, wie Karies und Parodontitis, l\u00e4sst sich durch eine gute Mundhygiene entscheidend senken. In unserer Praxis in Biel steht Ihnen ein eingespieltes Team aus\u00a0erfahrenen Dentalhygienikerinnen\u00a0zur Seite, welches Sie optimal zu Ihrer Mundhygiene [&hellip;]<\/p>\n","protected":false},"author":2,"featured_media":0,"parent":0,"menu_order":0,"comment_status":"closed","ping_status":"closed","template":"","meta":{"footnotes":""},"class_list":["post-1585","page","type-page","status-publish","hentry"],"_links":{"self":[{"href":"https:\/\/parodent.ch\/it\/wp-json\/wp\/v2\/pages\/1585","targetHints":{"allow":["GET"]}}],"collection":[{"href":"https:\/\/parodent.ch\/it\/wp-json\/wp\/v2\/pages"}],"about":[{"href":"https:\/\/parodent.ch\/it\/wp-json\/wp\/v2\/types\/page"}],"author":[{"embeddable":true,"href":"https:\/\/parodent.ch\/it\/wp-json\/wp\/v2\/users\/2"}],"replies":[{"embeddable":true,"href":"https:\/\/parodent.ch\/it\/wp-json\/wp\/v2\/comments?post=1585"}],"version-history":[{"count":0,"href":"https:\/\/parodent.ch\/it\/wp-json\/wp\/v2\/pages\/1585\/revisions"}],"wp:attachment":[{"href":"https:\/\/parodent.ch\/it\/wp-json\/wp\/v2\/media?parent=1585"}],"curies":[{"name":"wp","href":"https:\/\/api.w.org\/{rel}","templated":true}]}}