{"id":1497,"date":"2026-01-28T19:20:26","date_gmt":"2026-01-28T19:20:26","guid":{"rendered":"https:\/\/parodent.ch\/zahnarztangst-bei-kindern-2\/"},"modified":"2026-03-09T10:22:43","modified_gmt":"2026-03-09T09:22:43","slug":"ansia-dentale-nei-bambini","status":"publish","type":"page","link":"https:\/\/parodent.ch\/it\/kinderzahnarzt-biel\/zahnarztangst-bei-kindern\/","title":{"rendered":"Ansia dentale nei bambini"},"content":{"rendered":"<p>Soprattutto con i bambini, la prima impressione \u00e8 fondamentale. Nel nostro studio organizziamo ogni trattamento con calma e sensibilit\u00e0. Il nostro obiettivo finale \u00e8 che il bambino torni a casa con una buona sensazione e sia felice di tornare.<\/p>\n\n\n\n<p>Un trattamento senza paura \u00e8 la base per la salute dentale di tutta la vita. Quando i bambini iniziano presto <strong>Ansia dentale<\/strong> Questo pu\u00f2 portare a una fobia, per cui si evitano controlli importanti e si verificano danni evitabili (carie, parodontite).<\/p>\n\n\n\n<p><strong>La nostra promessa:<\/strong> I trattamenti vengono eseguiti solo quando il bambino si sente sicuro. La coercizione e la pressione non trovano posto nella moderna odontoiatria pediatrica.<\/p>\n\n\n\n<h2 class=\"wp-block-heading\">La prima visita: conoscersi senza trapano<\/h2>\n\n\n\n<p>Quando possibile, la prima visita <strong>Nessun trattamento<\/strong> si svolge. Il bambino deve conoscere noi e i locali senza stress. L'ideale \u00e8 combinare questo momento con un rilassante controllo dentistico scolastico.<\/p>\n\n\n\n<p><strong>Quando \u00e8 stata la prima volta?<\/strong> Si consiglia di effettuare la prima visita dopo l'eruzione degli ultimi denti da latte (verso l'et\u00e0 di <strong>Da 3 a 4 anni<\/strong>). Si tratta di:<\/p>\n\n\n\n<ul class=\"wp-block-list\">\n<li>Profilassi della carie e consigli per lo spazzolamento<\/li>\n\n\n\n<li>Consulenza sull'alimentazione (manipolazione del ciuccio\/biberon)<\/li>\n\n\n\n<li>Rinforzo positivo (ricompensa per il coraggio)<\/li>\n<\/ul>\n\n\n\n<h2 class=\"wp-block-heading\">Metodi di trattamento e distrazione delicati<\/h2>\n\n\n\n<p>Se \u00e8 necessario un intervento (ad esempio un'otturazione), \u00e8 richiesta una certa sensibilit\u00e0. Anche la nostra sala d'attesa a Bienne \u00e8 attrezzata con giocattoli e libri adatti ai bambini.<\/p>\n\n\n\n<p>Utilizziamo tecniche speciali per prevenire l'insorgere della paura:<\/p>\n\n\n\n<ol class=\"wp-block-list\">\n<li><strong>Linguaggio adatto ai bambini:<\/strong> Spieghiamo tutto in modo giocoso. Per esempio, chiamiamo l'iniezione di anestetico \u201egocce di sonno\u201c.<\/li>\n\n\n\n<li><strong>Distrazione multimediale:<\/strong> Durante il trattamento, il bambino pu\u00f2 utilizzare un <strong>Televisione sul soffitto<\/strong> (con le cuffie) Guardare i cartoni animati.<\/li>\n\n\n\n<li><strong>Pazienza:<\/strong> Spiegazioni fantasiose e calma sono spesso sufficienti per consentire il successo del trattamento.<\/li>\n<\/ol>\n\n\n\n<h2 class=\"wp-block-heading\">Se non c'\u00e8 altra opzione: sedazione e anestesia generale<\/h2>\n\n\n\n<p>Nonostante la pazienza, a volte il trattamento pu\u00f2 essere difficile. In qualit\u00e0 di dentista pediatrico specializzato a Bienne, offriamo una serie di opzioni di sedazione:<\/p>\n\n\n\n<h3 class=\"wp-block-heading\">1. sedazione leggera: protossido di azoto<\/h3>\n\n\n\n<p>Il bambino rimane pienamente cosciente. Il protossido di azoto ha un forte effetto ansiolitico e calmante.<\/p>\n\n\n\n<ul class=\"wp-block-list\">\n<li><strong>Vantaggio:<\/strong> Non appena il protossido di azoto non viene pi\u00f9 inalato, l'effetto \u00e8 terminato e il bambino torna immediatamente a orientarsi completamente.<\/li>\n<\/ul>\n\n\n\n<p><\/p>\n\n\n\n<div class=\"wp-block-buttons is-layout-flex wp-block-buttons-is-layout-flex\">\n<div class=\"wp-block-button\"><a class=\"wp-block-button__link wp-element-button\" href=\"https:\/\/parodent.ch\/it\/gas-esilarante\/\">Ulteriori informazioni<\/a><\/div>\n<\/div>\n\n\n\n<h3 class=\"wp-block-heading\">2. sedazione moderata: Dormicum<\/h3>\n\n\n\n<p>Con il principio attivo midazolam (Dormicum), otteniamo una sedazione pi\u00f9 profonda. Il bambino diventa sonnolento ma rimane reattivo.<\/p>\n\n\n\n<ul class=\"wp-block-list\">\n<li><strong>Nota:<\/strong> Anche in questo caso \u00e8 necessario un certo grado di cooperazione.<\/li>\n<\/ul>\n\n\n\n<h3 class=\"wp-block-heading\">3. anestesia generale presso il Centro ospedaliero di Biel&nbsp;<\/h3>\n\n\n\n<p>Grazie alle attivit\u00e0 operative di <strong>Dr. med. dent. Luca Pirracchio<\/strong> come medico curante nel <a href=\"https:\/\/www.spitalzentrum-biel.ch\/\" target=\"_blank\" rel=\"noopener\">Centro ospedaliero di Biel<\/a> possiamo offrire un'anestesia generale sicura per i bambini non collaboranti o per gli interventi pi\u00f9 importanti.<\/p>\n\n\n\n<p><strong>I vostri vantaggi nel <a href=\"https:\/\/www.spitalzentrum-biel.ch\/medizinisches-angebot\/abteilungen\/kinderklinik-wildermeth\" target=\"_blank\" rel=\"noopener\">Clinica pediatrica Wildermeth<\/a>:<\/strong><\/p>\n\n\n\n<ul class=\"wp-block-list\">\n<li><strong>Sicurezza:<\/strong> L'anestesia viene somministrata da anestesisti pediatrici specializzati del reparto di pediatria. Il vostro bambino \u00e8 nelle mani migliori.<\/li>\n\n\n\n<li><strong>Infrastruttura:<\/strong> Utilizziamo attrezzature ospedaliere professionali invece di squadre di anestesia mobili.<\/li>\n\n\n\n<li><strong>Costi ed emergenze:<\/strong> L'anestesia generale nel centro ospedaliero \u00e8 spesso <strong>circa un terzo in meno<\/strong> che con le squadre mobili. Possiamo anche organizzare rapidamente appuntamenti d'emergenza.<\/li>\n<\/ul>\n\n\n\n<p><\/p>","protected":false},"excerpt":{"rendered":"<p>Gerade bei Kindern ist der erste Eindruck entscheidend. In unserer Praxis gestalten wir jede Behandlung ruhig und einf\u00fchlsam. Unser oberstes Ziel: Ihr Kind geht mit einem guten Gef\u00fchl nach Hause \u2013 und kommt gerne wieder. Eine angstfreie Behandlung ist das Fundament f\u00fcr lebenslange Zahngesundheit. Wenn Kinder fr\u00fchzeitig Zahnarztangst entwickeln, kann dies zu einer Phobie f\u00fchren, [&hellip;]<\/p>\n","protected":false},"author":2,"featured_media":0,"parent":1378,"menu_order":0,"comment_status":"closed","ping_status":"closed","template":"","meta":{"footnotes":""},"class_list":["post-1497","page","type-page","status-publish","hentry"],"_links":{"self":[{"href":"https:\/\/parodent.ch\/it\/wp-json\/wp\/v2\/pages\/1497","targetHints":{"allow":["GET"]}}],"collection":[{"href":"https:\/\/parodent.ch\/it\/wp-json\/wp\/v2\/pages"}],"about":[{"href":"https:\/\/parodent.ch\/it\/wp-json\/wp\/v2\/types\/page"}],"author":[{"embeddable":true,"href":"https:\/\/parodent.ch\/it\/wp-json\/wp\/v2\/users\/2"}],"replies":[{"embeddable":true,"href":"https:\/\/parodent.ch\/it\/wp-json\/wp\/v2\/comments?post=1497"}],"version-history":[{"count":0,"href":"https:\/\/parodent.ch\/it\/wp-json\/wp\/v2\/pages\/1497\/revisions"}],"up":[{"embeddable":true,"href":"https:\/\/parodent.ch\/it\/wp-json\/wp\/v2\/pages\/1378"}],"wp:attachment":[{"href":"https:\/\/parodent.ch\/it\/wp-json\/wp\/v2\/media?parent=1497"}],"curies":[{"name":"wp","href":"https:\/\/api.w.org\/{rel}","templated":true}]}}