{"id":2454,"date":"2026-03-12T13:33:36","date_gmt":"2026-03-12T12:33:36","guid":{"rendered":"https:\/\/parodent.ch\/?page_id=2454"},"modified":"2026-03-12T13:33:58","modified_gmt":"2026-03-12T12:33:58","slug":"le-controle-dentaire-scolaire-annuel-a-bienne","status":"publish","type":"page","link":"https:\/\/parodent.ch\/fr\/kinderzahnarzt-biel\/die-jaehrliche-schulzahnkontrolle-in-biel\/","title":{"rendered":"Le contr\u00f4le dentaire scolaire annuel \u00e0 Bienne"},"content":{"rendered":"<p>La sant\u00e9 dentaire des enfants et des adolescents constitue le fondement d'une dentition saine tout au long de la vie. En tant que cabinet dentaire reconnu pour <strong>Contr\u00f4le dentaire scolaire \u00e0 Bienne<\/strong> nous effectuons les examens annuels obligatoires de mani\u00e8re comp\u00e9tente, rapide et dans une atmosph\u00e8re sereine.<\/p>\n\n\n\n<p>Notre objectif est de d\u00e9tecter les caries et les malpositions \u00e0 un stade pr\u00e9coce afin d'\u00e9viter des traitements co\u00fbteux \u00e0 l'avenir.<\/p>\n\n\n\n<h2 class=\"wp-block-heading\">D\u00e9roulement de l'examen dentaire scolaire<\/h2>\n\n\n\n<p>Le contr\u00f4le annuel est un \u00e9l\u00e9ment important de la pr\u00e9vention sanitaire dans le canton de Berne. Chez Parodent, nous accordons une grande importance \u00e0 une approche objective et empathique, afin que les \u00e9l\u00e8ves se sentent en de bonnes mains chez nous.<\/p>\n\n\n\n<ul class=\"wp-block-list\">\n<li><strong>Examen approfondi<\/strong> Contr\u00f4le des dents, des gencives et du d\u00e9veloppement de la m\u00e2choire.<\/li>\n\n\n\n<li><strong>Pr\u00e9vention :<\/strong> Conseils individuels sur l'hygi\u00e8ne buccale et la pr\u00e9vention des caries.<\/li>\n\n\n\n<li><strong>Documentation :<\/strong> Remplir de mani\u00e8re professionnelle les formulaires et bons de soins dentaires scolaires.<\/li>\n\n\n\n<li><strong>Transparence :<\/strong> Si un besoin de traitement est constat\u00e9, nous vous informons en d\u00e9tail, en tant que parents, sur les \u00e9tapes suivantes et \u00e9tablissons un devis transparent.<\/li>\n<\/ul>\n\n\n\n<h2 class=\"wp-block-heading\">Pourquoi effectuer le contr\u00f4le chez Parodent ?<\/h2>\n\n\n\n<p>En tant que <strong>Dentiste \u00e0 Bienne<\/strong> nous offrons aux familles une infrastructure moderne et une \u00e9quipe sp\u00e9cialis\u00e9e dans les besoins des enfants et des adolescents. Nous coordonnons les rendez-vous de mani\u00e8re \u00e0 ce qu'il n'y ait pas de temps d'attente inutile pour vous et votre enfant. L'examen se d\u00e9roule conform\u00e9ment aux directives officielles des soins dentaires scolaires.<\/p>\n\n\n\n<p><strong>Remarque importante pour les parents :<\/strong> Veuillez apporter le formulaire officiel de l'\u00e9cole (carte d'examen) au rendez-vous fix\u00e9.<\/p>","protected":false},"excerpt":{"rendered":"<p>Die Zahngesundheit von Kindern und Jugendlichen bildet das Fundament f\u00fcr ein lebenslang gesundes Gebiss. Als anerkannte Praxis f\u00fcr die Schulzahnkontrolle in Biel f\u00fchren wir die j\u00e4hrlichen obligatorischen Untersuchungen kompetent, speditiv und in einer ruhigen Atmosph\u00e4re durch. Unser Ziel ist es, Karies und Fehlstellungen fr\u00fchzeitig zu erkennen, um aufwendige Behandlungen in der Zukunft zu vermeiden. Ablauf [&hellip;]<\/p>\n","protected":false},"author":3,"featured_media":0,"parent":1378,"menu_order":0,"comment_status":"closed","ping_status":"closed","template":"","meta":{"footnotes":""},"class_list":["post-2454","page","type-page","status-publish","hentry"],"_links":{"self":[{"href":"https:\/\/parodent.ch\/fr\/wp-json\/wp\/v2\/pages\/2454","targetHints":{"allow":["GET"]}}],"collection":[{"href":"https:\/\/parodent.ch\/fr\/wp-json\/wp\/v2\/pages"}],"about":[{"href":"https:\/\/parodent.ch\/fr\/wp-json\/wp\/v2\/types\/page"}],"author":[{"embeddable":true,"href":"https:\/\/parodent.ch\/fr\/wp-json\/wp\/v2\/users\/3"}],"replies":[{"embeddable":true,"href":"https:\/\/parodent.ch\/fr\/wp-json\/wp\/v2\/comments?post=2454"}],"version-history":[{"count":0,"href":"https:\/\/parodent.ch\/fr\/wp-json\/wp\/v2\/pages\/2454\/revisions"}],"up":[{"embeddable":true,"href":"https:\/\/parodent.ch\/fr\/wp-json\/wp\/v2\/pages\/1378"}],"wp:attachment":[{"href":"https:\/\/parodent.ch\/fr\/wp-json\/wp\/v2\/media?parent=2454"}],"curies":[{"name":"wp","href":"https:\/\/api.w.org\/{rel}","templated":true}]}}