{"id":1867,"date":"2026-02-16T08:23:07","date_gmt":"2026-02-16T08:23:07","guid":{"rendered":"https:\/\/parodent.ch\/?page_id=1867"},"modified":"2026-02-16T09:28:11","modified_gmt":"2026-02-16T09:28:11","slug":"protege-dents-sport-bienne","status":"publish","type":"page","link":"https:\/\/parodent.ch\/fr\/sportmundschutz-biel\/","title":{"rendered":"Prot\u00e8ge-dents pour le sport - Une protection s\u00fbre pour les dents pendant le sport"},"content":{"rendered":"<p>Que ce soit au handball, au hockey sur glace, \u00e0 la boxe ou au VTT, de nombreux sports comportent un risque accru de blessures aux dents et \u00e0 la m\u00e2choire. Un prot\u00e8ge-dents de sport adapt\u00e9 individuellement prot\u00e8ge vos dents de mani\u00e8re fiable contre les fractures, les fissures ou la perte de vos dents.<\/p>\n\n\n\n<p>Une protection sportive professionnelle, fabriqu\u00e9e dans un cabinet dentaire, pr\u00e9sente de nombreux avantages par rapport \u00e0 une protection sportive traditionnelle achet\u00e9e dans le commerce, car elle est adapt\u00e9e individuellement \u00e0 vous et \u00e0 vos dents.<\/p>\n\n\n\n<p>Il offre un maintien optimal et donc une meilleure protection en cas de coup ou d'impact. Gr\u00e2ce \u00e0 l'adaptation individuelle, il offre un confort de port nettement sup\u00e9rieur et ne limite pratiquement pas la respiration. En r\u00e8gle g\u00e9n\u00e9rale, la durabilit\u00e9 et l'hygi\u00e8ne sont \u00e9galement meilleures que dans le commerce traditionnel.<\/p>","protected":false},"excerpt":{"rendered":"<p>Ob beim Handball, Eishockey, Boxen oder Mountainbiken \u2013 viele Sportarten bergen ein erh\u00f6htes Risiko f\u00fcr Zahn- und Kieferverletzungen. Ein individuell angepasster Sportmundschutz sch\u00fctzt Ihre Z\u00e4hne zuverl\u00e4ssig vor Br\u00fcchen, Rissen oder dem Verlust Ihrer Z\u00e4hne. Ein professioneller Sportschutz, welcher in der Zahnarztpraxis hergestellt wird, bietet gegen\u00fcber einem herk\u00f6mmlichen im Handel gekauften Sportschutz viele Vorteile, denn er [&hellip;]<\/p>\n","protected":false},"author":2,"featured_media":0,"parent":0,"menu_order":0,"comment_status":"closed","ping_status":"closed","template":"","meta":{"footnotes":""},"class_list":["post-1867","page","type-page","status-publish","hentry"],"_links":{"self":[{"href":"https:\/\/parodent.ch\/fr\/wp-json\/wp\/v2\/pages\/1867","targetHints":{"allow":["GET"]}}],"collection":[{"href":"https:\/\/parodent.ch\/fr\/wp-json\/wp\/v2\/pages"}],"about":[{"href":"https:\/\/parodent.ch\/fr\/wp-json\/wp\/v2\/types\/page"}],"author":[{"embeddable":true,"href":"https:\/\/parodent.ch\/fr\/wp-json\/wp\/v2\/users\/2"}],"replies":[{"embeddable":true,"href":"https:\/\/parodent.ch\/fr\/wp-json\/wp\/v2\/comments?post=1867"}],"version-history":[{"count":0,"href":"https:\/\/parodent.ch\/fr\/wp-json\/wp\/v2\/pages\/1867\/revisions"}],"wp:attachment":[{"href":"https:\/\/parodent.ch\/fr\/wp-json\/wp\/v2\/media?parent=1867"}],"curies":[{"name":"wp","href":"https:\/\/api.w.org\/{rel}","templated":true}]}}