{"id":1865,"date":"2026-02-16T08:22:21","date_gmt":"2026-02-16T08:22:21","guid":{"rendered":"https:\/\/parodent.ch\/?page_id=1865"},"modified":"2026-02-16T09:24:18","modified_gmt":"2026-02-16T09:24:18","slug":"interventions-chirurgicales","status":"publish","type":"page","link":"https:\/\/parodent.ch\/fr\/chirurgische-eingriffe\/","title":{"rendered":"Interventions chirurgicales"},"content":{"rendered":"<p>Nous pratiquons quotidiennement des interventions chirurgicales dans notre cabinet \u00e0 l'aide d'une infrastructure de pointe. Gr\u00e2ce \u00e0 notre radiographie 3D, nous sommes en mesure de planifier tr\u00e8s pr\u00e9cis\u00e9ment les interventions chirurgicales et donc de les r\u00e9aliser en toute s\u00e9curit\u00e9. Un diagnostic et une planification soign\u00e9s, ainsi que l'information du patient, sont la base d'un traitement r\u00e9ussi. Nous proposons les interventions suivantes :<\/p>\n\n\n\n<ul class=\"wp-block-list\">\n<li>Extractions de dents<\/li>\n\n\n\n<li>Extractions chirurgicales de dents de sagesse<\/li>\n\n\n\n<li>Chirurgie parodontale (traitement chirurgical de la parodontite)<\/li>\n\n\n\n<li>Couverture des r\u00e9cessions gingivales<\/li>\n\n\n\n<li>R\u00e9sections apicales<\/li>\n\n\n\n<li>Pose d'implants<\/li>\n\n\n\n<li>Chirurgie au laser CO2 des tissus mous, par ex. ablation de ligaments labiaux, de fibromes<\/li>\n<\/ul>","protected":false},"excerpt":{"rendered":"<p>Wir f\u00fchren bei uns in der Praxis t\u00e4glich chirurgische Eingriffe mit modernster Infrastruktur durch. Dank unserem 3D R\u00f6ntgen sind wir in der Lage, die chirurgischen Eingriffe sehr pr\u00e4zise zu planen und somit auch sicher durchzuf\u00fchren. Eine saubere Diagnostik und Planung, sowie Aufkl\u00e4rung des Patienten, sind die Basis f\u00fcr eine erfolgreiche Behandlung. Folgende Eingriffe bieten wir [&hellip;]<\/p>\n","protected":false},"author":2,"featured_media":0,"parent":0,"menu_order":0,"comment_status":"closed","ping_status":"closed","template":"","meta":{"footnotes":""},"class_list":["post-1865","page","type-page","status-publish","hentry"],"_links":{"self":[{"href":"https:\/\/parodent.ch\/fr\/wp-json\/wp\/v2\/pages\/1865","targetHints":{"allow":["GET"]}}],"collection":[{"href":"https:\/\/parodent.ch\/fr\/wp-json\/wp\/v2\/pages"}],"about":[{"href":"https:\/\/parodent.ch\/fr\/wp-json\/wp\/v2\/types\/page"}],"author":[{"embeddable":true,"href":"https:\/\/parodent.ch\/fr\/wp-json\/wp\/v2\/users\/2"}],"replies":[{"embeddable":true,"href":"https:\/\/parodent.ch\/fr\/wp-json\/wp\/v2\/comments?post=1865"}],"version-history":[{"count":0,"href":"https:\/\/parodent.ch\/fr\/wp-json\/wp\/v2\/pages\/1865\/revisions"}],"wp:attachment":[{"href":"https:\/\/parodent.ch\/fr\/wp-json\/wp\/v2\/media?parent=1865"}],"curies":[{"name":"wp","href":"https:\/\/api.w.org\/{rel}","templated":true}]}}