{"id":1859,"date":"2026-02-16T08:18:15","date_gmt":"2026-02-16T08:18:15","guid":{"rendered":"https:\/\/parodent.ch\/?page_id=1859"},"modified":"2026-02-16T09:28:02","modified_gmt":"2026-02-16T09:28:02","slug":"blanchiment-des-dents-biel","status":"publish","type":"page","link":"https:\/\/parodent.ch\/fr\/zahnbleaching-biel\/","title":{"rendered":"Blanchiment des dents - Blanchiment des dents"},"content":{"rendered":"<p>Certaines substances et aliments, comme le th\u00e9, le vin ou le tabac, peuvent entra\u00eener une d\u00e9coloration des dents. Les m\u00e9thodes de blanchiment des dents vous permettent d'\u00e9claircir vos dents et de faire ressortir leur blancheur naturelle, pour un sourire \u00e9clatant.<\/p>\n\n\n\n<p>Contrairement aux produits en vente libre, le blanchiment est effectu\u00e9 chez le dentiste sous le contr\u00f4le d'un professionnel. Nous utilisons exclusivement des mat\u00e9riaux test\u00e9s m\u00e9dicalement, qui permettent un blanchiment s\u00fbr et uniforme, sans irritation des gencives ni sensibilit\u00e9 excessive des dents.<\/p>\n\n\n\n<p>Avant le traitement, nous v\u00e9rifions lors d'une consultation d\u00e9taill\u00e9e si un blanchiment est judicieux et sans danger pour vous. Un nettoyage professionnel pr\u00e9alable des dents est recommand\u00e9 afin d'obtenir un r\u00e9sultat optimal.<\/p>\n\n\n\n<p>Il est important de traiter les caries ou les inflammations de la gencive avant de proc\u00e9der au blanchiment.<\/p>\n\n\n\n<h2 class=\"wp-block-heading\">Blanchiment \u00e0 domicile<\/h2>\n\n\n\n<p>Le blanchiment \u00e0 domicile consiste \u00e0 fabriquer des goutti\u00e8res dentaires sur mesure, adapt\u00e9es \u00e0 vos besoins. Les goutti\u00e8res de blanchiment, dans lesquelles un agent de blanchiment est introduit, sont g\u00e9n\u00e9ralement port\u00e9es pendant 1 \u00e0 2 heures, l'op\u00e9ration pouvant \u00eatre r\u00e9p\u00e9t\u00e9e quelques fois selon les besoins. Les goutti\u00e8res de blanchiment peuvent g\u00e9n\u00e9ralement \u00eatre utilis\u00e9es pour de nombreuses op\u00e9rations.<\/p>\n\n\n\n<h2 class=\"wp-block-heading\">Blanchiment au bureau<\/h2>\n\n\n\n<p>Avec cette m\u00e9thode, les dents sont blanchies dans le cabinet dentaire, c'est-\u00e0-dire que le produit de blanchiment est appliqu\u00e9 par le personnel dentaire ou effectu\u00e9 dans le cabinet dentaire. La m\u00e9thode en cabinet utilise des agents blanchissants plus puissants, ce qui rend le processus de blanchiment plus efficace et plus rapide. En r\u00e8gle g\u00e9n\u00e9rale, une seule s\u00e9ance suffit pour obtenir le r\u00e9sultat souhait\u00e9.<\/p>\n\n\n\n<h2 class=\"wp-block-heading\">Blanchiment interne (pour les dents d\u00e9color\u00e9es, ayant subi un traitement radiculaire)<\/h2>\n\n\n\n<p>Apr\u00e8s un traitement de racine, une dent peut prendre une teinte fonc\u00e9e de l'int\u00e9rieur. Dans de tels cas, le produit de blanchiment est appliqu\u00e9 directement \u00e0 l'int\u00e9rieur de la dent. La dent est ensuite ferm\u00e9e provisoirement et rouverte apr\u00e8s quelques jours jusqu'\u00e0 ce que la clart\u00e9 souhait\u00e9e soit atteinte. Cette m\u00e9thode ne convient qu'aux dents isol\u00e9es et d\u00e9vitalis\u00e9es (ayant subi un traitement radiculaire).<\/p>\n\n\n\n<p><\/p>","protected":false},"excerpt":{"rendered":"<p>Bestimmte Substanzen und Lebensmittel wie z.B. Tee, Wein oder Tabakrauchen, k\u00f6nnen zu Verf\u00e4rbungen der Z\u00e4hne f\u00fchren. Mithilfe von Zahnaufhellungsmethoden k\u00f6nnen Sie ihre Z\u00e4hne aufhellen und ihr nat\u00fcrliches Weiss zum Vorschein bringen \u2013 f\u00fcr ein strahlendes L\u00e4cheln. Im Gegensatz zu frei verk\u00e4uflichen Produkten wird das Bleaching beim Zahnarzt unter fachlicher Kontrolle durchgef\u00fchrt. Wir verwenden ausschlie\u00dflich medizinisch [&hellip;]<\/p>\n","protected":false},"author":2,"featured_media":0,"parent":0,"menu_order":0,"comment_status":"closed","ping_status":"closed","template":"","meta":{"footnotes":""},"class_list":["post-1859","page","type-page","status-publish","hentry"],"_links":{"self":[{"href":"https:\/\/parodent.ch\/fr\/wp-json\/wp\/v2\/pages\/1859","targetHints":{"allow":["GET"]}}],"collection":[{"href":"https:\/\/parodent.ch\/fr\/wp-json\/wp\/v2\/pages"}],"about":[{"href":"https:\/\/parodent.ch\/fr\/wp-json\/wp\/v2\/types\/page"}],"author":[{"embeddable":true,"href":"https:\/\/parodent.ch\/fr\/wp-json\/wp\/v2\/users\/2"}],"replies":[{"embeddable":true,"href":"https:\/\/parodent.ch\/fr\/wp-json\/wp\/v2\/comments?post=1859"}],"version-history":[{"count":0,"href":"https:\/\/parodent.ch\/fr\/wp-json\/wp\/v2\/pages\/1859\/revisions"}],"wp:attachment":[{"href":"https:\/\/parodent.ch\/fr\/wp-json\/wp\/v2\/media?parent=1859"}],"curies":[{"name":"wp","href":"https:\/\/api.w.org\/{rel}","templated":true}]}}