{"id":1856,"date":"2026-02-16T08:17:28","date_gmt":"2026-02-16T08:17:28","guid":{"rendered":"https:\/\/parodent.ch\/?page_id=1856"},"modified":"2026-03-06T14:34:57","modified_gmt":"2026-03-06T13:34:57","slug":"traitement-par-anesthesie","status":"publish","type":"page","link":"https:\/\/parodent.ch\/fr\/narkosebehandlung\/","title":{"rendered":"Traitement par anesth\u00e9sie pour les patients anxieux"},"content":{"rendered":"<p>Pour de nombreuses personnes, une visite chez le dentiste est li\u00e9e \u00e0 des sentiments d\u00e9sagr\u00e9ables. Dans notre cabinet, nous avons l'habitude de traiter les patients anxieux - nous y sommes confront\u00e9s tous les jours.<\/p>\n\n\n\n<p>L'objectif pour les patients anxieux est de r\u00e9duire l'anxi\u00e9t\u00e9 afin de rendre le traitement possible. En expliquant avant chaque \u00e9tape du traitement ce qui va se passer, les patients anxieux peuvent s'y pr\u00e9parer psychologiquement. Si l'on sait ce qui nous attend, par exemple qu'une pression sera ressentie lors de l'extraction d'une dent, le traitement est souvent moins anxiog\u00e8ne.<\/p>\n\n\n\n<p>Nous disposons de techniques sp\u00e9ciales pour les patients qui ont la phobie des seringues, afin que la piq\u00fbre de l'anesth\u00e9sie locale soit ressentie le moins possible. La douleur provoqu\u00e9e par la piq\u00fbre de la seringue peut \u00eatre r\u00e9duite par une anesth\u00e9sie de surface (spray) effectu\u00e9e au pr\u00e9alable.<\/p>\n\n\n\n<p>Le protoxyde d'azote a un effet anxiolytique et relaxant, ce qui rend le traitement possible.<\/p>\n\n\n\n<p>Si, malgr\u00e9 toute l'empathie et l'utilisation de gaz hilarant, un traitement n'est pas possible, nous proposons, en collaboration avec le Centre hospitalier de Bienne, un traitement sous anesth\u00e9sie g\u00e9n\u00e9rale, pour les adultes et les enfants. Dans le <a href=\"https:\/\/www.spitalzentrum-biel.ch\/\" target=\"_blank\" rel=\"noopener\">Centre hospitalier Bienne<\/a> Les enfants sont pris en charge par des anesth\u00e9sistes p\u00e9diatriques exp\u00e9riment\u00e9s et sp\u00e9cialis\u00e9s du service de p\u00e9diatrie. <a href=\"https:\/\/www.spitalzentrum-biel.ch\/medizinisches-angebot\/abteilungen\/kinderklinik-wildermeth\" target=\"_blank\" rel=\"noopener\">Clinique pour enfants Wildermeth<\/a> trait\u00e9es.<\/p>","protected":false},"excerpt":{"rendered":"<p>Ein Zahnarztbesuch ist f\u00fcr viele Menschen mit unangenehmen Gef\u00fchlen verbunden. Den Umgang mit Angstpatienten sind wir in unserer Praxis gewohnt \u2013 wir sind t\u00e4glich damit konfrontiert. Das Ziel bei Angstpatienten ist, die Angst zu reduzieren, so dass eine Behandlung m\u00f6glich wird. Indem wir vor jedem Behandlungsschritt erkl\u00e4ren, was geschieht, k\u00f6nnen sich Angstpatienten psychologisch darauf vorbereiten. [&hellip;]<\/p>\n","protected":false},"author":2,"featured_media":0,"parent":0,"menu_order":0,"comment_status":"closed","ping_status":"closed","template":"","meta":{"footnotes":""},"class_list":["post-1856","page","type-page","status-publish","hentry"],"_links":{"self":[{"href":"https:\/\/parodent.ch\/fr\/wp-json\/wp\/v2\/pages\/1856","targetHints":{"allow":["GET"]}}],"collection":[{"href":"https:\/\/parodent.ch\/fr\/wp-json\/wp\/v2\/pages"}],"about":[{"href":"https:\/\/parodent.ch\/fr\/wp-json\/wp\/v2\/types\/page"}],"author":[{"embeddable":true,"href":"https:\/\/parodent.ch\/fr\/wp-json\/wp\/v2\/users\/2"}],"replies":[{"embeddable":true,"href":"https:\/\/parodent.ch\/fr\/wp-json\/wp\/v2\/comments?post=1856"}],"version-history":[{"count":0,"href":"https:\/\/parodent.ch\/fr\/wp-json\/wp\/v2\/pages\/1856\/revisions"}],"wp:attachment":[{"href":"https:\/\/parodent.ch\/fr\/wp-json\/wp\/v2\/media?parent=1856"}],"curies":[{"name":"wp","href":"https:\/\/api.w.org\/{rel}","templated":true}]}}