{"id":1854,"date":"2026-02-16T08:17:04","date_gmt":"2026-02-16T08:17:04","guid":{"rendered":"https:\/\/parodent.ch\/?page_id=1854"},"modified":"2026-02-16T09:27:20","modified_gmt":"2026-02-16T09:27:20","slug":"gouttiere-de-grincement-bienne","status":"publish","type":"page","link":"https:\/\/parodent.ch\/fr\/knirschschiene-biel\/","title":{"rendered":"Goutti\u00e8re en cas de grincement de dents (bruxisme)"},"content":{"rendered":"<p>Le grincement des dents ou le fait de serrer fortement les dents, \u00e9galement appel\u00e9 bruxisme, est relativement fr\u00e9quent dans la soci\u00e9t\u00e9. La cause en est g\u00e9n\u00e9ralement un stress excessif. La plupart du temps, les patients grincent des dents et\/ou serrent les dents la nuit, c'est pourquoi ce probl\u00e8me n'est souvent pas reconnu par les patients ou trop tard. Un signe fr\u00e9quent est la contraction des muscles masticateurs, surtout le matin.<\/p>\n\n\n\n<p>Lors des contr\u00f4les dentaires, nous sommes donc tr\u00e8s attentifs aux \u00e9ventuelles usures des dents, appel\u00e9es facettes abrasives, qui sont caus\u00e9es par le bruxisme.<\/p>\n\n\n\n<p>Si l'on souffre de bruxisme, il faut absolument fabriquer une goutti\u00e8re qui prot\u00e8ge les dents lors du grincement des dents. Si aucune goutti\u00e8re de protection n'est fabriqu\u00e9e, les tissus dentaires durs s'usent continuellement et les dents deviennent de plus en plus courtes, ce qui entra\u00eene des pertes tant fonctionnelles qu'esth\u00e9tiques. Une \u00e9ventuelle gestion du stress peut contribuer \u00e0 r\u00e9duire le bruxisme ou \u00e0 le faire dispara\u00eetre.<\/p>\n\n\n\n<p>Le bruxisme peut entra\u00eener des maladies de l'articulation temporo-mandibulaire et des muscles, appel\u00e9es myoarthropathies. Les sympt\u00f4mes typiques sont des douleurs au niveau de la m\u00e2choire et du visage, ainsi que des maux de t\u00eate. On observe \u00e9galement souvent une ouverture limit\u00e9e de la m\u00e2choire ainsi qu'un craquement de la m\u00e2choire. Plus rarement, les myoarthropathies peuvent \u00e9galement entra\u00eener des acouph\u00e8nes.<\/p>","protected":false},"excerpt":{"rendered":"<p>Z\u00e4hneknirschen oder auch das starke Zusammenpressen mit den Z\u00e4hnen, auch Bruxismus genannt, ist in der Gesellschaft relativ h\u00e4ufig. Die Ursache liegt meistens in \u00fcberm\u00e4ssigem Stress. Meistens wird nachts mit den Z\u00e4hnen geknirscht und\/oder gepresst, daher wird dieses Problem h\u00e4ufig von den Patienten nicht oder zu sp\u00e4t erkannt. Ein h\u00e4ufiges Anzeichen ist eine verspannte Kaumuskulatur, besonders [&hellip;]<\/p>\n","protected":false},"author":2,"featured_media":0,"parent":0,"menu_order":0,"comment_status":"closed","ping_status":"closed","template":"","meta":{"footnotes":""},"class_list":["post-1854","page","type-page","status-publish","hentry"],"_links":{"self":[{"href":"https:\/\/parodent.ch\/fr\/wp-json\/wp\/v2\/pages\/1854","targetHints":{"allow":["GET"]}}],"collection":[{"href":"https:\/\/parodent.ch\/fr\/wp-json\/wp\/v2\/pages"}],"about":[{"href":"https:\/\/parodent.ch\/fr\/wp-json\/wp\/v2\/types\/page"}],"author":[{"embeddable":true,"href":"https:\/\/parodent.ch\/fr\/wp-json\/wp\/v2\/users\/2"}],"replies":[{"embeddable":true,"href":"https:\/\/parodent.ch\/fr\/wp-json\/wp\/v2\/comments?post=1854"}],"version-history":[{"count":0,"href":"https:\/\/parodent.ch\/fr\/wp-json\/wp\/v2\/pages\/1854\/revisions"}],"wp:attachment":[{"href":"https:\/\/parodent.ch\/fr\/wp-json\/wp\/v2\/media?parent=1854"}],"curies":[{"name":"wp","href":"https:\/\/api.w.org\/{rel}","templated":true}]}}