{"id":1852,"date":"2026-02-16T08:15:45","date_gmt":"2026-02-16T08:15:45","guid":{"rendered":"https:\/\/parodent.ch\/?page_id=1852"},"modified":"2026-02-16T09:24:13","modified_gmt":"2026-02-16T09:24:13","slug":"protheses-dentaires-amovibles","status":"publish","type":"page","link":"https:\/\/parodent.ch\/fr\/abnehmbarer-zahnersatz\/","title":{"rendered":"Proth\u00e8ses dentaires amovibles - Proth\u00e8ses partielles et compl\u00e8tes"},"content":{"rendered":"<p>Les proth\u00e8ses dentaires amovibles sont surtout utiles lorsqu'il manque plusieurs dents. Les proth\u00e8ses partielles sont fix\u00e9es aux dents restantes \u00e0 l'aide d'\u00e9l\u00e9ments de maintien, comme des crochets en m\u00e9tal (proth\u00e8se coul\u00e9e sur mod\u00e8le). Il existe \u00e9galement des proth\u00e8ses partielles tr\u00e8s esth\u00e9tiques combin\u00e9es \u00e0 des boutons-pression (proth\u00e8ses hybrides), pour lesquelles le m\u00e9tal n'est plus visible et la tenue est encore meilleure. Les proth\u00e8ses partielles peuvent \u00e9galement \u00eatre ancr\u00e9es \u00e0 des implants au lieu des dents, s'il n'y a pas assez de dents.<\/p>\n\n\n\n<p>Si aucune dent ne peut \u00eatre conserv\u00e9e, on utilise des proth\u00e8ses totales. La proth\u00e8se totale peut \u00e9galement \u00eatre ancr\u00e9e sur des implants si n\u00e9cessaire, ce qui permet d'am\u00e9liorer consid\u00e9rablement la tenue et la fonction d'\u00e9locution.<\/p>\n\n\n\n<p>Les proth\u00e8ses dentaires amovibles sont souvent moins ch\u00e8res que les proth\u00e8ses fixes, mais aussi un peu moins confortables. La proth\u00e8se amovible doit \u00eatre retir\u00e9e de la bouche tous les jours pour \u00eatre nettoy\u00e9e.<\/p>","protected":false},"excerpt":{"rendered":"<p>Abnehmbarer Zahnersatz ist vor allem dann sinnvoll, wenn mehrere Z\u00e4hne fehlen. Teilprothese werden mithilfe von Halteelemente an den restlichen Z\u00e4hnen befestigt, wie z.B. Klammern aus Metall (Modellgussprothese). Es gibt auch \u00e4sthetisch sehr hochwertige Teilprothesen in Kombination mit Druckkn\u00f6pfen (Hybridprothesen), bei denen kein Metall mehr sichtbar und der Halt nochmals besser ist. Teilprothesen k\u00f6nnen statt an [&hellip;]<\/p>\n","protected":false},"author":2,"featured_media":0,"parent":0,"menu_order":0,"comment_status":"closed","ping_status":"closed","template":"","meta":{"footnotes":""},"class_list":["post-1852","page","type-page","status-publish","hentry"],"_links":{"self":[{"href":"https:\/\/parodent.ch\/fr\/wp-json\/wp\/v2\/pages\/1852","targetHints":{"allow":["GET"]}}],"collection":[{"href":"https:\/\/parodent.ch\/fr\/wp-json\/wp\/v2\/pages"}],"about":[{"href":"https:\/\/parodent.ch\/fr\/wp-json\/wp\/v2\/types\/page"}],"author":[{"embeddable":true,"href":"https:\/\/parodent.ch\/fr\/wp-json\/wp\/v2\/users\/2"}],"replies":[{"embeddable":true,"href":"https:\/\/parodent.ch\/fr\/wp-json\/wp\/v2\/comments?post=1852"}],"version-history":[{"count":0,"href":"https:\/\/parodent.ch\/fr\/wp-json\/wp\/v2\/pages\/1852\/revisions"}],"wp:attachment":[{"href":"https:\/\/parodent.ch\/fr\/wp-json\/wp\/v2\/media?parent=1852"}],"curies":[{"name":"wp","href":"https:\/\/api.w.org\/{rel}","templated":true}]}}