{"id":1850,"date":"2026-02-16T08:14:18","date_gmt":"2026-02-16T08:14:18","guid":{"rendered":"https:\/\/parodent.ch\/?page_id=1850"},"modified":"2026-02-27T08:14:12","modified_gmt":"2026-02-27T08:14:12","slug":"protheses-dentaires-fixes","status":"publish","type":"page","link":"https:\/\/parodent.ch\/fr\/fester-zahnersatz\/","title":{"rendered":"Proth\u00e8se dentaire fixe"},"content":{"rendered":"<p>Lorsque les dents sont trop endommag\u00e9es ou perdues, les couronnes et les bridges, ainsi que les implants, aident \u00e0 r\u00e9tablir la fonction et l'esth\u00e9tique. Ils font partie des formes \u00e9prouv\u00e9es de proth\u00e8ses dentaires fixes et vous donnent la s\u00e9curit\u00e9 n\u00e9cessaire pour m\u00e2cher, parler et sourire - presque comme vos propres dents.<\/p>\n\n\n\n<h2 class=\"wp-block-heading\">Couronne dentaire<\/h2>\n\n\n\n<p>Une couronne est utilis\u00e9e lorsqu'une dent est tellement ab\u00eem\u00e9e qu'une obturation traditionnelle ne suffit plus. La dent est alors conserv\u00e9e et n'est pas enlev\u00e9e. Les couronnes dentaires sont g\u00e9n\u00e9ralement fabriqu\u00e9es en c\u00e9ramique en collaboration avec le technicien dentaire et sont fabriqu\u00e9es sur mesure pour le patient, comme un costume sur mesure. Les avantages d'une couronne en c\u00e9ramique par rapport \u00e0 une obturation traditionnelle sont que la couronne est beaucoup plus stable et durable. En outre, elle est beaucoup plus proche de l'anatomie naturelle des dents, de sorte que les points de contact avec les dents voisines sont nettement plus riches et que moins de r\u00e9sidus alimentaires s'accumulent entre les dents, ce qui r\u00e9duit consid\u00e9rablement le risque de parodontite.<\/p>\n\n\n\n<h2 class=\"wp-block-heading\">Indications pour une couronne<\/h2>\n\n\n\n<p>Dent tr\u00e8s ab\u00eem\u00e9e (par ex. par une carie), fracture, accident, dent avec traitement de racine, am\u00e9lioration esth\u00e9tique.<\/p>\n\n\n\n<h2 class=\"wp-block-heading\">Pont<\/h2>\n\n\n\n<p>Un bridge remplace une ou plusieurs dents manquantes. Pour ce faire, les dents voisines sont l\u00e9g\u00e8rement taill\u00e9es et utilis\u00e9es comme piliers pour ancrer solidement le bridge. Les bridges sont g\u00e9n\u00e9ralement fabriqu\u00e9s en c\u00e9ramique tr\u00e8s r\u00e9sistante en collaboration avec le technicien dentaire. Le bridge fixe peut \u00eatre une alternative \u00e0 l'implant, notamment lorsque les dents piliers sont d\u00e9j\u00e0 fortement endommag\u00e9es et qu'il n'y a donc pas ou peu de substance dentaire saine \u00e0 sacrifier lors du meulage.<\/p>\n\n\n\n<p id=\"implantat\"><\/p>\n\n\n\n<h2 class=\"wp-block-heading\">Implant<\/h2>\n\n\n\n<p>Un implant dentaire (racine dentaire artificielle) permet de remplacer des dents manquantes sans avoir \u00e0 tailler les dents voisines, comme ce serait le cas avec un bridge port\u00e9 par une dent. En termes de fonctionnalit\u00e9 et de confort, les implants dentaires sont les plus proches des dents naturelles. Les implants peuvent g\u00e9n\u00e9ralement \u00eatre pos\u00e9s sous anesth\u00e9sie locale (injection) et ne n\u00e9cessitent pas d'anesth\u00e9sie g\u00e9n\u00e9rale. Un implant dentaire est compos\u00e9 de titane biocompatible et s'ossifie solidement avec l'os de la m\u00e2choire apr\u00e8s sa mise en place. Avant de pouvoir \u00eatre mis en charge (par exemple avec une couronne en c\u00e9ramique), l'implant doit g\u00e9n\u00e9ralement cicatriser pendant 2 \u00e0 3 mois. Les implants dentaires permettent de remplacer une ou plusieurs dents. Les implants dentaires servent en quelque sorte de \u00absyst\u00e8me modulaire\u00bb. Ils peuvent par exemple aussi servir d'ancrage \u00e0 des proth\u00e8ses avec des \u00e9l\u00e9ments de retenue sph\u00e9riques, afin d'am\u00e9liorer leur tenue et leur stabilit\u00e9.<\/p>\n\n\n\n<p>En l'absence de facteurs relevant de la m\u00e9decine g\u00e9n\u00e9rale, d'une consommation excessive de tabac ou d'une parodontite, les implants dentaires peuvent g\u00e9n\u00e9ralement \u00eatre pos\u00e9s jusqu'\u00e0 un \u00e2ge avanc\u00e9.<\/p>\n\n\n\n<p><\/p>","protected":false},"excerpt":{"rendered":"<p>Wenn Z\u00e4hne zu stark besch\u00e4digt oder verloren gegangen sind, helfen Kronen und Br\u00fccken, sowie Implantate, die Funktion und \u00c4sthetik wiederherzustellen. Sie z\u00e4hlen zu den bew\u00e4hrten Formen des festen Zahnersatzes und geben Ihnen Sicherheit beim Kauen, Sprechen und L\u00e4cheln \u2013 fast wie die eigenen Z\u00e4hne. Zahnkrone Eine Krone kommt zum Einsatz, wenn ein Zahn so stark [&hellip;]<\/p>\n","protected":false},"author":2,"featured_media":0,"parent":0,"menu_order":0,"comment_status":"closed","ping_status":"closed","template":"","meta":{"footnotes":""},"class_list":["post-1850","page","type-page","status-publish","hentry"],"_links":{"self":[{"href":"https:\/\/parodent.ch\/fr\/wp-json\/wp\/v2\/pages\/1850","targetHints":{"allow":["GET"]}}],"collection":[{"href":"https:\/\/parodent.ch\/fr\/wp-json\/wp\/v2\/pages"}],"about":[{"href":"https:\/\/parodent.ch\/fr\/wp-json\/wp\/v2\/types\/page"}],"author":[{"embeddable":true,"href":"https:\/\/parodent.ch\/fr\/wp-json\/wp\/v2\/users\/2"}],"replies":[{"embeddable":true,"href":"https:\/\/parodent.ch\/fr\/wp-json\/wp\/v2\/comments?post=1850"}],"version-history":[{"count":0,"href":"https:\/\/parodent.ch\/fr\/wp-json\/wp\/v2\/pages\/1850\/revisions"}],"wp:attachment":[{"href":"https:\/\/parodent.ch\/fr\/wp-json\/wp\/v2\/media?parent=1850"}],"curies":[{"name":"wp","href":"https:\/\/api.w.org\/{rel}","templated":true}]}}