{"id":1846,"date":"2026-02-16T08:10:51","date_gmt":"2026-02-16T08:10:51","guid":{"rendered":"https:\/\/parodent.ch\/?page_id=1846"},"modified":"2026-02-16T09:29:00","modified_gmt":"2026-02-16T09:29:00","slug":"traitements-radiculaires-bienne","status":"publish","type":"page","link":"https:\/\/parodent.ch\/fr\/wurzelbehandlungen-biel\/","title":{"rendered":"Traitements radiculaires - Endodontie"},"content":{"rendered":"<p>L'endodontologie s'occupe du nerf de la dent (pulpe). Si le nerf s'enflamme (pulpite) ou meurt (n\u00e9crose pulpaire), des douleurs dentaires apparaissent souvent. Une pulpite ou une n\u00e9crose pulpaire est g\u00e9n\u00e9ralement provoqu\u00e9e par des caries tr\u00e8s profondes (\u00abtrou profond\u00bb), des accidents ou des fractures. L'objectif du traitement radiculaire est de conserver la dent plut\u00f4t que de l'extraire.<\/p>\n\n\n\n<p>De nombreux patients ont peur de la douleur pendant un traitement de canal, mais cela n'est g\u00e9n\u00e9ralement pas justifi\u00e9 ! Avec une anesth\u00e9sie locale (injection), le traitement radiculaire est g\u00e9n\u00e9ralement indolore !<\/p>","protected":false},"excerpt":{"rendered":"<p>Die Endodontologie befasst sich mit dem Nerv des Zahnes (Pulpa). Entz\u00fcndet sich der Nerv (Pulpitis) oder stirbt der Nerv ab (Pulpanekrose), entstehen h\u00e4ufig Zahnschmerzen. Eine Pulpitis oder Pulpanekrose wird in der Regel durch sehr tiefe Karies (\u00abtiefes Loch\u00bb), Unf\u00e4lle oder Frakturen ausgel\u00f6st. Das Ziel der Wurzelbehandlung ist, den Zahn zu erhalten, statt zu entfernen. Viele [&hellip;]<\/p>\n","protected":false},"author":2,"featured_media":0,"parent":0,"menu_order":0,"comment_status":"closed","ping_status":"closed","template":"","meta":{"footnotes":""},"class_list":["post-1846","page","type-page","status-publish","hentry"],"_links":{"self":[{"href":"https:\/\/parodent.ch\/fr\/wp-json\/wp\/v2\/pages\/1846","targetHints":{"allow":["GET"]}}],"collection":[{"href":"https:\/\/parodent.ch\/fr\/wp-json\/wp\/v2\/pages"}],"about":[{"href":"https:\/\/parodent.ch\/fr\/wp-json\/wp\/v2\/types\/page"}],"author":[{"embeddable":true,"href":"https:\/\/parodent.ch\/fr\/wp-json\/wp\/v2\/users\/2"}],"replies":[{"embeddable":true,"href":"https:\/\/parodent.ch\/fr\/wp-json\/wp\/v2\/comments?post=1846"}],"version-history":[{"count":0,"href":"https:\/\/parodent.ch\/fr\/wp-json\/wp\/v2\/pages\/1846\/revisions"}],"wp:attachment":[{"href":"https:\/\/parodent.ch\/fr\/wp-json\/wp\/v2\/media?parent=1846"}],"curies":[{"name":"wp","href":"https:\/\/api.w.org\/{rel}","templated":true}]}}