{"id":1841,"date":"2026-02-16T07:43:07","date_gmt":"2026-02-16T07:43:07","guid":{"rendered":"https:\/\/parodent.ch\/?page_id=1841"},"modified":"2026-02-26T15:35:54","modified_gmt":"2026-02-26T15:35:54","slug":"plombages-dentaires-bienne","status":"publish","type":"page","link":"https:\/\/parodent.ch\/fr\/zahnfuellungen-biel\/","title":{"rendered":"Obturations dentaires - Cariologie"},"content":{"rendered":"<p>Les obturations en r\u00e9sine sont principalement utilis\u00e9es pour le traitement des caries (appel\u00e9es famili\u00e8rement \u00abtrou dans la dent\u00bb) et des d\u00e9fauts apr\u00e8s un accident. Gr\u00e2ce \u00e0 des techniques adh\u00e9sives modernes, il est possible de pr\u00e9server au maximum la substance dentaire dure et d'obtenir un r\u00e9sultat esth\u00e9tique optimal en utilisant des obturations de la couleur des dents.<\/p>\n\n\n\n<p>Les d\u00e9fauts de petite ou moyenne taille peuvent g\u00e9n\u00e9ralement \u00eatre trait\u00e9s avec des obturations en r\u00e9sine, ce qui est peu co\u00fbteux et satisfait g\u00e9n\u00e9ralement aux exigences esth\u00e9tiques. Pour les d\u00e9fauts tr\u00e8s importants, le mat\u00e9riau synth\u00e9tique atteint toutefois ses limites, \u00e0 savoir qu'il ne r\u00e9siste souvent pas \u00e0 la charge masticatoire et que seuls des contacts faibles peuvent \u00eatre obtenus avec les dents voisines, ce qui peut entra\u00eener davantage de r\u00e9sidus alimentaires entre les dents et augmenter le risque de <a href=\"https:\/\/parodent.ch\/fr\/parodontologie-bienne\/\" data-type=\"page\" data-id=\"1618\">Parodontite<\/a> augmente. Pour les d\u00e9fauts importants, nous recommandons donc des restaurations en c\u00e9ramique (couronnes partielles, couronne), qui sont nettement plus stables et se colorent moins rapidement que la r\u00e9sine.<\/p>","protected":false},"excerpt":{"rendered":"<p>Kunststoff-F\u00fcllungen werden haupts\u00e4chlich bei Behandlungen von Karies (umgangssprachlich \u00abLoch im Zahn\u00bb) und Defekten nach Unf\u00e4llen eingesetzt. Durch moderne adh\u00e4sive Techniken kann die Zahnhartsubstanz maximal erhalten und ein optimales \u00e4sthetisches Ergebnis erreicht werden, in dem zahnfarbene F\u00fcllungen eingesetzt werden. Kleine bis mittelgrosse Defekte lassen sich in der Regel sehr gut mit F\u00fcllungen aus Kunststoff versorgen, was [&hellip;]<\/p>\n","protected":false},"author":2,"featured_media":0,"parent":0,"menu_order":0,"comment_status":"closed","ping_status":"closed","template":"","meta":{"footnotes":""},"class_list":["post-1841","page","type-page","status-publish","hentry"],"_links":{"self":[{"href":"https:\/\/parodent.ch\/fr\/wp-json\/wp\/v2\/pages\/1841","targetHints":{"allow":["GET"]}}],"collection":[{"href":"https:\/\/parodent.ch\/fr\/wp-json\/wp\/v2\/pages"}],"about":[{"href":"https:\/\/parodent.ch\/fr\/wp-json\/wp\/v2\/types\/page"}],"author":[{"embeddable":true,"href":"https:\/\/parodent.ch\/fr\/wp-json\/wp\/v2\/users\/2"}],"replies":[{"embeddable":true,"href":"https:\/\/parodent.ch\/fr\/wp-json\/wp\/v2\/comments?post=1841"}],"version-history":[{"count":0,"href":"https:\/\/parodent.ch\/fr\/wp-json\/wp\/v2\/pages\/1841\/revisions"}],"wp:attachment":[{"href":"https:\/\/parodent.ch\/fr\/wp-json\/wp\/v2\/media?parent=1841"}],"curies":[{"name":"wp","href":"https:\/\/api.w.org\/{rel}","templated":true}]}}