{"id":1824,"date":"2026-02-16T07:11:20","date_gmt":"2026-02-16T07:11:20","guid":{"rendered":"https:\/\/parodent.ch\/?page_id=1824"},"modified":"2026-03-16T11:48:48","modified_gmt":"2026-03-16T10:48:48","slug":"urgence","status":"publish","type":"page","link":"https:\/\/parodent.ch\/fr\/notfall\/","title":{"rendered":"Urgence"},"content":{"rendered":"<div data-elementor-type=\"wp-page\" data-elementor-id=\"1824\" class=\"elementor elementor-1824\" data-elementor-post-type=\"page\">\n\t\t\t\t<div class=\"elementor-element elementor-element-616e76f1 e-flex e-con-boxed e-con e-parent\" data-id=\"616e76f1\" data-element_type=\"container\" data-e-type=\"container\">\n\t\t\t\t\t<div class=\"e-con-inner\">\n\t\t\t\t<div class=\"elementor-element elementor-element-20cbafb4 elementor-widget elementor-widget-text-editor\" data-id=\"20cbafb4\" data-element_type=\"widget\" data-e-type=\"widget\" data-widget_type=\"text-editor.default\">\n\t\t\t\t\t\t\t\t\t\n<p>En cas d'urgence, nous vous proposons une aide rapide, en g\u00e9n\u00e9ral le jour m\u00eame. Si vous avez besoin d'un traitement dentaire en dehors de nos heures d'ouverture en raison d'une urgence, le service dentaire r\u00e9gional est \u00e0 votre disposition. <a href=\"https:\/\/zahnaerzte-biel-bienne.ch\/notfalldienst\/\" target=\"_blank\" rel=\"noopener\">Service d'urgence de la SSO<\/a> \u00e0 disposition.<\/p>\n\t\t\t\t\t\t\t\t<\/div>\n\t\t<!-- dce invisible element 66575d4 -->\t\t<div data-dce-text-color=\"#111111\" class=\"elementor-element elementor-element-66575d4 elementor-widget elementor-widget-text-editor\" data-id=\"66575d4\" data-element_type=\"widget\" data-e-type=\"widget\" data-settings=\"{&quot;enabled_visibility&quot;:&quot;yes&quot;,&quot;dce_visibility_selected&quot;:&quot;yes&quot;}\" data-widget_type=\"text-editor.default\">\n\t\t<p>T\u00e9l\u00e9phone : <a href=\"tel:0900903903\">0900 903 903<\/a><\/p>\t\t<\/div>\n\t\t\t\t<div class=\"elementor-element elementor-element-efaa999 elementor-widget elementor-widget-text-editor\" data-id=\"efaa999\" data-element_type=\"widget\" data-e-type=\"widget\" data-widget_type=\"text-editor.default\">\n\t\t\t\t\t\t\t\t\t\n<h2 class=\"wp-block-heading\">Qu'est-ce qu'une urgence dentaire et quand faut-il contacter le dentiste rapidement ou imm\u00e9diatement ?<\/h2>\n\n<ul class=\"wp-block-list\">\n<li>Douleurs soudaines et intenses qui ne disparaissent pas suffisamment avec les analg\u00e9siques traditionnels et qui r\u00e9duisent fortement la qualit\u00e9 de vie.<\/li>\n\n<li>Un gonflement au niveau de la m\u00e2choire et du visage peut \u00eatre le signe d'un abc\u00e8s, surtout s'il s'accompagne de fi\u00e8vre, il convient de contacter rapidement un dentiste.<\/li>\n\n<li>En cas d'accident impliquant les dents, le dentiste devrait id\u00e9alement \u00eatre contact\u00e9 imm\u00e9diatement par t\u00e9l\u00e9phone. En fonction de la situation, il sera d\u00e9cid\u00e9 si le traitement doit \u00eatre effectu\u00e9 imm\u00e9diatement ou non.<\/li>\n<\/ul>\n\n<p>Les accidents les plus fr\u00e9quents concernent des fractures petites \u00e0 moyennes des dents ant\u00e9rieures, mais il peut aussi arriver, tr\u00e8s rarement, que la dent enti\u00e8re soit expuls\u00e9e (avulsion). L'id\u00e9al est de placer rapidement le fragment fractur\u00e9 ou la dent enti\u00e8re dans une bo\u00eete de sauvetage de dents (Dentosafe Box), que vous pouvez acheter dans toutes les pharmacies. Si vous ne disposez pas d'une bo\u00eete de sauvetage de dents, placez le fragment ou la dent dans du lait. Il est tr\u00e8s important de ne pas nettoyer le fragment ou la dent expuls\u00e9e et de le toucher soigneusement ! Contactez ensuite imm\u00e9diatement votre dentiste ou le service d'urgence dentaire.<\/p>\n\n<p>M\u00eame si vous \u00eates victime d'un accident dentaire et qu'aucun dommage n'est visible, vous devez consulter votre dentiste afin que l'accident puisse \u00eatre d\u00e9clar\u00e9 \u00e0 l'assurance-accidents. S'il y a des s\u00e9quelles, vous pouvez recourir aux prestations de l'assurance-accidents.<\/p>\n\t\t\t\t\t\t\t\t<\/div>\n\t\t<div class=\"elementor-element elementor-element-ef99919 e-con-full e-flex e-con e-child\" data-id=\"ef99919\" data-element_type=\"container\" data-e-type=\"container\">\n\t\t\t\t<div class=\"elementor-element elementor-element-741e708 elementor-align-center elementor-widget elementor-widget-button\" data-id=\"741e708\" data-element_type=\"widget\" data-e-type=\"widget\" data-widget_type=\"button.default\">\n\t\t\t\t\t\t\t\t\t\t<a class=\"elementor-button elementor-button-link elementor-size-sm\" href=\"https:\/\/parodent.ch\/wp-content\/uploads\/2026\/02\/Merkblatt-Unfall-1.pdf\" target=\"_blank\">\n\t\t\t\t\t\t<span class=\"elementor-button-content-wrapper\">\n\t\t\t\t\t\t\t\t\t<span class=\"elementor-button-text\">Fiche d'information sur les accidents dentaires<\/span>\n\t\t\t\t\t<\/span>\n\t\t\t\t\t<\/a>\n\t\t\t\t\t\t\t\t<\/div>\n\t\t\t\t<div class=\"elementor-element elementor-element-c56a5ff elementor-align-center elementor-widget elementor-widget-button\" data-id=\"c56a5ff\" data-element_type=\"widget\" data-e-type=\"widget\" data-widget_type=\"button.default\">\n\t\t\t\t\t\t\t\t\t\t<a class=\"elementor-button elementor-button-link elementor-size-sm\" href=\"https:\/\/parodent.ch\/wp-content\/uploads\/2026\/02\/Merkblatt-Zahnunfall-2.pdf\" target=\"_blank\">\n\t\t\t\t\t\t<span class=\"elementor-button-content-wrapper\">\n\t\t\t\t\t\t\t\t\t<span class=\"elementor-button-text\">Fiche d'information sur les accidents de dents de lait<\/span>\n\t\t\t\t\t<\/span>\n\t\t\t\t\t<\/a>\n\t\t\t\t\t\t\t\t<\/div>\n\t\t\t\t<\/div>\n\t\t\t\t\t<\/div>\n\t\t\t\t<\/div>\n\t\t\t\t<\/div>","protected":false},"excerpt":{"rendered":"<p>F\u00fcr Notf\u00e4lle bieten wir Ihnen rasche Hilfe an, in der Regel noch am selben Tag. Sollten Sie ausserhalb unserer \u00d6ffnungszeiten aufgrund eines Notfalles eine zahn\u00e4rztliche Behandlung brauchen, steht Ihnen der regionale zahn\u00e4rztliche Notfalldienst der SSO zur Verf\u00fcgung. Telefon: 032 329 90 00 Was ist ein zahn\u00e4rztlicher Notfall und wann sollten Sie den Zahnarzt zeitnah oder [&hellip;]<\/p>\n","protected":false},"author":2,"featured_media":0,"parent":0,"menu_order":0,"comment_status":"closed","ping_status":"closed","template":"","meta":{"footnotes":""},"class_list":["post-1824","page","type-page","status-publish","hentry"],"_links":{"self":[{"href":"https:\/\/parodent.ch\/fr\/wp-json\/wp\/v2\/pages\/1824","targetHints":{"allow":["GET"]}}],"collection":[{"href":"https:\/\/parodent.ch\/fr\/wp-json\/wp\/v2\/pages"}],"about":[{"href":"https:\/\/parodent.ch\/fr\/wp-json\/wp\/v2\/types\/page"}],"author":[{"embeddable":true,"href":"https:\/\/parodent.ch\/fr\/wp-json\/wp\/v2\/users\/2"}],"replies":[{"embeddable":true,"href":"https:\/\/parodent.ch\/fr\/wp-json\/wp\/v2\/comments?post=1824"}],"version-history":[{"count":0,"href":"https:\/\/parodent.ch\/fr\/wp-json\/wp\/v2\/pages\/1824\/revisions"}],"wp:attachment":[{"href":"https:\/\/parodent.ch\/fr\/wp-json\/wp\/v2\/media?parent=1824"}],"curies":[{"name":"wp","href":"https:\/\/api.w.org\/{rel}","templated":true}]}}