{"id":1647,"date":"2026-01-29T12:17:06","date_gmt":"2026-01-29T12:17:06","guid":{"rendered":"https:\/\/parodent.ch\/?page_id=1647"},"modified":"2026-02-27T07:45:43","modified_gmt":"2026-02-27T07:45:43","slug":"dr-med-dent-luca-pirracchio-mas","status":"publish","type":"page","link":"https:\/\/parodent.ch\/fr\/dr-med-dent-luca-pirracchio-mas\/","title":{"rendered":"Le Dr. med. dent. Luca Pirracchio MAS - Sp\u00e9cialiste en parodontologie SSO"},"content":{"rendered":"<h2 class=\"wp-block-heading\">CV<\/h2>\n\n\n\n<div class=\"wp-block-columns is-layout-flex wp-container-core-columns-is-layout-28f84493 wp-block-columns-is-layout-flex\">\n<div class=\"wp-block-column is-layout-flow wp-block-column-is-layout-flow\" style=\"flex-basis:20%\">\n<p><strong>Depuis janvier 2020<\/strong><\/p>\n<\/div>\n\n\n\n<div class=\"wp-block-column is-layout-flow wp-block-column-is-layout-flow\" style=\"flex-basis:80%\">\n<p>Reprise du cabinet du Dr Gautschi et cr\u00e9ation du cabinet dentaire PARO DENT AG<\/p>\n\n\n\n<p>M\u00e9decin agr\u00e9\u00e9 Centre hospitalier Bienne<\/p>\n\n\n\n<p>Dentiste-conseil Services sociaux d'une commune du Seeland et assurances<\/p>\n<\/div>\n<\/div>\n\n\n\n<div class=\"wp-block-columns is-layout-flex wp-container-core-columns-is-layout-28f84493 wp-block-columns-is-layout-flex\">\n<div class=\"wp-block-column is-layout-flow wp-block-column-is-layout-flow\" style=\"flex-basis:20%\">\n<p><strong>2018-2019<\/strong><\/p>\n<\/div>\n\n\n\n<div class=\"wp-block-column is-layout-flow wp-block-column-is-layout-flow\" style=\"flex-basis:80%\">\n<p>20% Taux d'occupation du cabinet du Dr Gautschi, Bienne<\/p>\n\n\n\n<p>80% Taux d'occupation du cabinet du Dr Mettraux, Berne. Sp\u00e9cialit\u00e9s : parodontologie, implantologie. M\u00e9decine dentaire g\u00e9n\u00e9rale.<\/p>\n<\/div>\n<\/div>\n\n\n\n<div class=\"wp-block-columns is-layout-flex wp-container-core-columns-is-layout-28f84493 wp-block-columns-is-layout-flex\">\n<div class=\"wp-block-column is-layout-flow wp-block-column-is-layout-flow\" style=\"flex-basis:20%\">\n<p><strong>2018<\/strong><\/p>\n<\/div>\n\n\n\n<div class=\"wp-block-column is-layout-flow wp-block-column-is-layout-flow\" style=\"flex-basis:80%\">\n<p>Doctorat en m\u00e9decine dentaire (Dr.med.dent.).<\/p>\n\n\n\n<p>Nomination en tant que m\u00e9decin-dentiste sp\u00e9cialiste en parodontologie SSO<\/p>\n\n\n\n<p>Nomination en tant que sp\u00e9cialiste en parodontologie de la Soci\u00e9t\u00e9 europ\u00e9enne de parodontologie (EFP)<\/p>\n\n\n\n<p>Obtention du titre de \u201eMaster of Advanced Studies en parodontologie et dentisterie implantaire\u201c, Universit\u00e9 de Berne<\/p>\n\n\n\n<p>WBA m\u00e9decine dentaire g\u00e9n\u00e9rale SSO<\/p>\n<\/div>\n<\/div>\n\n\n\n<div class=\"wp-block-columns is-layout-flex wp-container-core-columns-is-layout-28f84493 wp-block-columns-is-layout-flex\">\n<div class=\"wp-block-column is-layout-flow wp-block-column-is-layout-flow\" style=\"flex-basis:20%\">\n<p><strong>2015-2017<\/strong><\/p>\n<\/div>\n\n\n\n<div class=\"wp-block-column is-layout-flow wp-block-column-is-layout-flow\" style=\"flex-basis:80%\">\n<p>Assistant de formation postgradu\u00e9e 100% Universit\u00e9 de Berne, D\u00e9partement de parodontologie, Prof. Sculean<\/p>\n<\/div>\n<\/div>\n\n\n\n<div class=\"wp-block-columns is-layout-flex wp-container-core-columns-is-layout-28f84493 wp-block-columns-is-layout-flex\">\n<div class=\"wp-block-column is-layout-flow wp-block-column-is-layout-flow\" style=\"flex-basis:20%\">\n<p><strong>2011-2014<\/strong><\/p>\n<\/div>\n\n\n\n<div class=\"wp-block-column is-layout-flow wp-block-column-is-layout-flow\" style=\"flex-basis:80%\">\n<p>Dentiste assistant 80-100% Taux d'occupation cabinet dentaire Mund-Art ! Dr. Lorch \u00e0<\/p>\n\n\n\n<p>Oftringen (Allemagne). Sp\u00e9cialisation en dentisterie g\u00e9n\u00e9rale.<\/p>\n<\/div>\n<\/div>\n\n\n\n<div class=\"wp-block-columns is-layout-flex wp-container-core-columns-is-layout-28f84493 wp-block-columns-is-layout-flex\">\n<div class=\"wp-block-column is-layout-flow wp-block-column-is-layout-flow\" style=\"flex-basis:20%\">\n<p><strong>2006-2011<\/strong><\/p>\n<\/div>\n\n\n\n<div class=\"wp-block-column is-layout-flow wp-block-column-is-layout-flow\" style=\"flex-basis:80%\">\n<p>\u00c9tudes de m\u00e9decine dentaire avec examen d'\u00c9tat, Universit\u00e9 de B\u00e2le<\/p>\n<\/div>\n<\/div>\n\n\n\n<div class=\"wp-block-columns is-layout-flex wp-container-core-columns-is-layout-28f84493 wp-block-columns-is-layout-flex\">\n<div class=\"wp-block-column is-layout-flow wp-block-column-is-layout-flow\" style=\"flex-basis:20%\">\n<p><strong>2002-2006<\/strong><\/p>\n<\/div>\n\n\n\n<div class=\"wp-block-column is-layout-flow wp-block-column-is-layout-flow\" style=\"flex-basis:80%\">\n<p>Maturit\u00e9 avec option latin,<\/p>\n\n\n\n<p>\u00c9cole cantonale de Soleure<\/p>\n<\/div>\n<\/div>\n\n\n\n<div class=\"wp-block-columns is-layout-flex wp-container-core-columns-is-layout-28f84493 wp-block-columns-is-layout-flex\">\n<div class=\"wp-block-column is-layout-flow wp-block-column-is-layout-flow\" style=\"flex-basis:20%\">\n<p><strong>1999-2002<\/strong><\/p>\n<\/div>\n\n\n\n<div class=\"wp-block-column is-layout-flow wp-block-column-is-layout-flow\" style=\"flex-basis:80%\">\n<p>Progymnase de Balsthal<\/p>\n<\/div>\n<\/div>\n\n\n\n<div class=\"wp-block-columns is-layout-flex wp-container-core-columns-is-layout-28f84493 wp-block-columns-is-layout-flex\">\n<div class=\"wp-block-column is-layout-flow wp-block-column-is-layout-flow\" style=\"flex-basis:20%\">\n<p><strong>1993-1999<\/strong><\/p>\n<\/div>\n\n\n\n<div class=\"wp-block-column is-layout-flow wp-block-column-is-layout-flow\" style=\"flex-basis:80%\">\n<p>\u00c9cole primaire \u00e0 Oensingen<\/p>\n<\/div>\n<\/div>\n\n\n\n<div class=\"wp-block-columns is-layout-flex wp-container-core-columns-is-layout-28f84493 wp-block-columns-is-layout-flex\">\n<div class=\"wp-block-column is-layout-flow wp-block-column-is-layout-flow\" style=\"flex-basis:20%\">\n<p><strong>1986<\/strong><\/p>\n<\/div>\n\n\n\n<div class=\"wp-block-column is-layout-flow wp-block-column-is-layout-flow\" style=\"flex-basis:80%\">\n<p>N\u00e9 \u00e0 Olten, a grandi \u00e0 Oensingen, citoyen d'Oensingen<\/p>\n<\/div>\n<\/div>\n\n\n\n<p><\/p>\n\n\n\n<h2 class=\"wp-block-heading\">Langues<\/h2>\n\n\n\n<p>allemand, fran\u00e7ais, italien et anglais<\/p>\n\n\n\n<h2 class=\"wp-block-heading\">Publications<\/h2>\n\n\n\n<ol class=\"wp-block-list\">\n<li>Pirracchio, L., et al., Activity of taurolidine gels on ex vivo periodontal biofilm. Clinical Oral Investigations 2017 (Epub ahead of print)<\/li>\n\n\n\n<li>Pirracchio, L., et al., R\u00e9sultats \u00e0 long terme du traitement r\u00e9s\u00e9qu\u00e9 de la furcation, Parodontologie 27 (2016) n\u00b0 4 p. 413-23<\/li>\n\n\n\n<li>Sieber, Kevin R. \/ Pirracchio, Luca \/ Bornstein, Michael M. \/ Ramseier, Christoph A. Excroissances gingivales - Une mise \u00e0 jour pour le praticien Quintessence 67 (2016), n\u00b0 10 p. 1233-41<\/li>\n\n\n\n<li>Rapport de cas Straumann Starget : Utilisation de l'implant Straumann\u00ae Bone Level Tapered de 2,9 mm dans la zone esth\u00e9tique : <a href=\"https:\/\/www.straumann.com\/ch\/de\/discover\/news\/ueber\/archive\/news.html?path=\/content\/straumann\/ch\/de\/shared\/news\/bone-level-implant-line\/pirracchio-straumann-blt-application-esthetic-zone\" target=\"_blank\" rel=\"noopener\">https:\/\/www.straumann.com\/ch\/de\/discover\/news\/ueber\/archive\/news.html?path=\/content\/straumann\/ch\/de\/shared\/news\/bone-level-implant-line\/pirracchio-straumann-blt-application-esthetic-zone<\/a><\/li>\n<\/ol>\n\n\n\n<p><\/p>","protected":false},"excerpt":{"rendered":"<p>Lebenslauf Seit Januar 2020 \u00dcbernahme der Praxis Dr.Gautschi und Gr\u00fcndung der Zahnarztpraxis PARO DENT AG Belegarzt Spitalzentrum Biel Vertrauenszahnarzt soziale Dienste einer Gemeinde im Seeland und Versicherungen 2018-2019 20% Pensum Praxis Dr.Gautschi, Biel 80% Pensum Praxis Dr.Mettraux, Bern. Behandlungsschwerpunkt Parodontologie, Implantologie. Allgemeine Zahnmedizin. 2018 Promotion zum Dr.med.dent. Ernennung zum Fachzahnarzt f\u00fcr Parodontologie SSO Ernennung zum [&hellip;]<\/p>\n","protected":false},"author":2,"featured_media":0,"parent":0,"menu_order":0,"comment_status":"closed","ping_status":"closed","template":"","meta":{"footnotes":""},"class_list":["post-1647","page","type-page","status-publish","hentry"],"_links":{"self":[{"href":"https:\/\/parodent.ch\/fr\/wp-json\/wp\/v2\/pages\/1647","targetHints":{"allow":["GET"]}}],"collection":[{"href":"https:\/\/parodent.ch\/fr\/wp-json\/wp\/v2\/pages"}],"about":[{"href":"https:\/\/parodent.ch\/fr\/wp-json\/wp\/v2\/types\/page"}],"author":[{"embeddable":true,"href":"https:\/\/parodent.ch\/fr\/wp-json\/wp\/v2\/users\/2"}],"replies":[{"embeddable":true,"href":"https:\/\/parodent.ch\/fr\/wp-json\/wp\/v2\/comments?post=1647"}],"version-history":[{"count":0,"href":"https:\/\/parodent.ch\/fr\/wp-json\/wp\/v2\/pages\/1647\/revisions"}],"wp:attachment":[{"href":"https:\/\/parodent.ch\/fr\/wp-json\/wp\/v2\/media?parent=1647"}],"curies":[{"name":"wp","href":"https:\/\/api.w.org\/{rel}","templated":true}]}}