{"id":1497,"date":"2026-01-28T19:20:26","date_gmt":"2026-01-28T19:20:26","guid":{"rendered":"https:\/\/parodent.ch\/zahnarztangst-bei-kindern-2\/"},"modified":"2026-03-09T10:22:43","modified_gmt":"2026-03-09T09:22:43","slug":"la-peur-du-dentiste-chez-les-enfants","status":"publish","type":"page","link":"https:\/\/parodent.ch\/fr\/kinderzahnarzt-biel\/zahnarztangst-bei-kindern\/","title":{"rendered":"La peur du dentiste chez les enfants"},"content":{"rendered":"<p>Chez les enfants en particulier, la premi\u00e8re impression est d\u00e9cisive. Dans notre cabinet, nous organisons chaque traitement avec calme et sensibilit\u00e9. Notre objectif principal : que votre enfant reparte avec un bon sentiment - et qu'il revienne volontiers.<\/p>\n\n\n\n<p>Un traitement sans crainte est le fondement d'une sant\u00e9 dentaire \u00e0 vie. Lorsque les enfants sont pr\u00e9cocement <strong>Peur du dentiste<\/strong> Si les patients d\u00e9veloppent une phobie, cela peut conduire \u00e0 l'\u00e9vitement de contr\u00f4les importants et \u00e0 des dommages \u00e9vitables (caries, parodontite).<\/p>\n\n\n\n<p><strong>Notre promesse :<\/strong> Les traitements ne sont effectu\u00e9s que lorsque l'enfant se sent en s\u00e9curit\u00e9. La contrainte et la pression n'ont pas leur place dans la p\u00e9dodontie moderne.<\/p>\n\n\n\n<h2 class=\"wp-block-heading\">La premi\u00e8re visite : faire connaissance sans percer<\/h2>\n\n\n\n<p>Dans la mesure du possible, lors de la premi\u00e8re visite <strong>pas de traitement<\/strong> se d\u00e9roule dans les locaux. Votre enfant doit nous d\u00e9couvrir et d\u00e9couvrir les locaux sans stress. L'id\u00e9al serait de combiner cela avec un contr\u00f4le dentaire scolaire d\u00e9tendu.<\/p>\n\n\n\n<p><strong>Quand pour la premi\u00e8re fois ?<\/strong> Nous recommandons la premi\u00e8re visite apr\u00e8s l'\u00e9ruption des derni\u00e8res dents de lait (environ \u00e0 <strong>de 3 \u00e0 4 ans<\/strong>). Il s'agit de<\/p>\n\n\n\n<ul class=\"wp-block-list\">\n<li>Prophylaxie des caries &amp; conseils de brossage<\/li>\n\n\n\n<li>Conseils nutritionnels (manipulation de la sucette\/du biberon)<\/li>\n\n\n\n<li>Renforcement positif (r\u00e9compense pour la bravoure)<\/li>\n<\/ul>\n\n\n\n<h2 class=\"wp-block-heading\">M\u00e9thodes de traitement douces &amp; distraction<\/h2>\n\n\n\n<p>Si une intervention (par exemple une obturation) est n\u00e9cessaire, il faut faire preuve de tact. D\u00e9j\u00e0 notre salle d'attente \u00e0 Bienne est am\u00e9nag\u00e9e pour les enfants avec des jouets et des livres.<\/p>\n\n\n\n<p>Pour \u00e9viter que la peur ne s'installe, nous utilisons des techniques sp\u00e9ciales :<\/p>\n\n\n\n<ol class=\"wp-block-list\">\n<li><strong>Langage adapt\u00e9 aux enfants :<\/strong> Nous expliquons tout de mani\u00e8re ludique. Chez nous, la piq\u00fbre anesth\u00e9siante s'appelle par exemple \u201egouttes pour dormir\u201c.<\/li>\n\n\n\n<li><strong>Distraction multim\u00e9dia :<\/strong> Pendant le traitement, votre enfant peut disposer d'un <strong>T\u00e9l\u00e9vision au plafond<\/strong> (avec des \u00e9couteurs) regarder des dessins anim\u00e9s.<\/li>\n\n\n\n<li><strong>Patience :<\/strong> Souvent, des explications imaginatives et du calme suffisent pour permettre un traitement efficace.<\/li>\n<\/ol>\n\n\n\n<h2 class=\"wp-block-heading\">S'il n'y a pas d'autre solution : s\u00e9dation &amp; anesth\u00e9sie g\u00e9n\u00e9rale<\/h2>\n\n\n\n<p>Malgr\u00e9 toute la patience du monde, le traitement peut parfois \u00eatre plus difficile. En tant que p\u00e9dodontiste sp\u00e9cialis\u00e9 \u00e0 Bienne, nous proposons des possibilit\u00e9s \u00e9chelonn\u00e9es d'apaisement (s\u00e9dation) :<\/p>\n\n\n\n<h3 class=\"wp-block-heading\">1. s\u00e9dation l\u00e9g\u00e8re : gaz hilarant<\/h3>\n\n\n\n<p>L'enfant reste pleinement conscient. Le protoxyde d'azote a un effet anxiolytique et s\u00e9datif puissant.<\/p>\n\n\n\n<ul class=\"wp-block-list\">\n<li><strong>Avantage :<\/strong> D\u00e8s que le protoxyde d'azote n'est plus inhal\u00e9, l'effet est termin\u00e9 et l'enfant retrouve imm\u00e9diatement toute son orientation.<\/li>\n<\/ul>\n\n\n\n<p><\/p>\n\n\n\n<div class=\"wp-block-buttons is-layout-flex wp-block-buttons-is-layout-flex\">\n<div class=\"wp-block-button\"><a class=\"wp-block-button__link wp-element-button\" href=\"https:\/\/parodent.ch\/fr\/gaz-hilarant\/\">Plus d'informations<\/a><\/div>\n<\/div>\n\n\n\n<h3 class=\"wp-block-heading\">2. s\u00e9dation moyenne : Dormicum<\/h3>\n\n\n\n<p>Avec la substance active midazolam (Dormicum), nous obtenons une s\u00e9dation plus profonde. L'enfant devient somnolent, mais reste r\u00e9actif.<\/p>\n\n\n\n<ul class=\"wp-block-list\">\n<li><strong>Remarque :<\/strong> Un certain degr\u00e9 de coop\u00e9ration est \u00e9galement n\u00e9cessaire dans ce domaine.<\/li>\n<\/ul>\n\n\n\n<h3 class=\"wp-block-heading\">3. anesth\u00e9sie g\u00e9n\u00e9rale au Centre hospitalier Bienne&nbsp;<\/h3>\n\n\n\n<p>Gr\u00e2ce \u00e0 l'activit\u00e9 op\u00e9rationnelle de <strong>Le Dr. med. dent. Luca Pirracchio<\/strong> en tant que m\u00e9decin agr\u00e9\u00e9 au <a href=\"https:\/\/www.spitalzentrum-biel.ch\/\" target=\"_blank\" rel=\"noopener\">Centre hospitalier Bienne<\/a> nous pouvons proposer une anesth\u00e9sie g\u00e9n\u00e9rale s\u00fbre pour les enfants qui ne coop\u00e8rent pas ou pour les interventions importantes.<\/p>\n\n\n\n<p><strong>Vos avantages dans la <a href=\"https:\/\/www.spitalzentrum-biel.ch\/medizinisches-angebot\/abteilungen\/kinderklinik-wildermeth\" target=\"_blank\" rel=\"noopener\">Clinique pour enfants Wildermeth<\/a>:<\/strong><\/p>\n\n\n\n<ul class=\"wp-block-list\">\n<li><strong>la s\u00e9curit\u00e9 :<\/strong> L'anesth\u00e9sie est r\u00e9alis\u00e9e par des anesth\u00e9sistes p\u00e9diatriques sp\u00e9cialis\u00e9s du service de p\u00e9diatrie. Votre enfant est entre de bonnes mains.<\/li>\n\n\n\n<li><strong>Infrastructure :<\/strong> Nous utilisons les installations professionnelles de l'h\u00f4pital plut\u00f4t que des \u00e9quipes d'anesth\u00e9sie mobiles.<\/li>\n\n\n\n<li><strong>Co\u00fbts &amp; urgences :<\/strong> Les anesth\u00e9sies g\u00e9n\u00e9rales au centre hospitalier sont souvent <strong>environ un tiers moins cher<\/strong> qu'avec des \u00e9quipes mobiles. De plus, nous pouvons organiser rapidement des rendez-vous d'urgence.<\/li>\n<\/ul>\n\n\n\n<p><\/p>","protected":false},"excerpt":{"rendered":"<p>Gerade bei Kindern ist der erste Eindruck entscheidend. In unserer Praxis gestalten wir jede Behandlung ruhig und einf\u00fchlsam. Unser oberstes Ziel: Ihr Kind geht mit einem guten Gef\u00fchl nach Hause \u2013 und kommt gerne wieder. Eine angstfreie Behandlung ist das Fundament f\u00fcr lebenslange Zahngesundheit. Wenn Kinder fr\u00fchzeitig Zahnarztangst entwickeln, kann dies zu einer Phobie f\u00fchren, [&hellip;]<\/p>\n","protected":false},"author":2,"featured_media":0,"parent":1378,"menu_order":0,"comment_status":"closed","ping_status":"closed","template":"","meta":{"footnotes":""},"class_list":["post-1497","page","type-page","status-publish","hentry"],"_links":{"self":[{"href":"https:\/\/parodent.ch\/fr\/wp-json\/wp\/v2\/pages\/1497","targetHints":{"allow":["GET"]}}],"collection":[{"href":"https:\/\/parodent.ch\/fr\/wp-json\/wp\/v2\/pages"}],"about":[{"href":"https:\/\/parodent.ch\/fr\/wp-json\/wp\/v2\/types\/page"}],"author":[{"embeddable":true,"href":"https:\/\/parodent.ch\/fr\/wp-json\/wp\/v2\/users\/2"}],"replies":[{"embeddable":true,"href":"https:\/\/parodent.ch\/fr\/wp-json\/wp\/v2\/comments?post=1497"}],"version-history":[{"count":0,"href":"https:\/\/parodent.ch\/fr\/wp-json\/wp\/v2\/pages\/1497\/revisions"}],"up":[{"embeddable":true,"href":"https:\/\/parodent.ch\/fr\/wp-json\/wp\/v2\/pages\/1378"}],"wp:attachment":[{"href":"https:\/\/parodent.ch\/fr\/wp-json\/wp\/v2\/media?parent=1497"}],"curies":[{"name":"wp","href":"https:\/\/api.w.org\/{rel}","templated":true}]}}