{"id":1434,"date":"2026-01-28T19:12:14","date_gmt":"2026-01-28T19:12:14","guid":{"rendered":"https:\/\/parodent.ch\/impressum\/"},"modified":"2026-02-02T13:00:58","modified_gmt":"2026-02-02T13:00:58","slug":"mentions-legales","status":"publish","type":"page","link":"https:\/\/parodent.ch\/fr\/impressum\/","title":{"rendered":"Mentions l\u00e9gales"},"content":{"rendered":"<h3 class=\"wp-block-heading\">Adresse de contact<\/h3>\n\n\n\n<p>Cabinet dentaire PARO DENT AG<br>34, rue du March\u00e9-Neuf<br>2502 Biel\/Bienne Suisse<br><a href=\"mailto:info@parodent.ch\">info@parodent.ch<\/a><br><a href=\"tel:+41 32 329 90 00\">032 329 90 00<\/a><\/p>\n\n\n\n<h3 class=\"wp-block-heading\">Personnes autoris\u00e9es \u00e0 repr\u00e9senter l'association<\/h3>\n\n\n\n<p>Le Dr. med. dent. Luca Pirracchio, Direction<\/p>\n\n\n\n<h3 class=\"wp-block-heading\">Inscription au registre du commerce<\/h3>\n\n\n\n<p>Nom de l'entreprise enregistr\u00e9e : Zahnarztpraxis PARO DENT AG<br>Num\u00e9ro : CH-036.3.079.015-5<br>Office du registre du commerce : Canton de Berne<\/p>\n\n\n\n<h3 class=\"wp-block-heading\">Num\u00e9ro de TVA<\/h3>\n\n\n\n<p>CHE-224.042.088 TVA<\/p>\n\n\n\n<h3 class=\"wp-block-heading\">Autorit\u00e9 de surveillance<\/h3>\n\n\n\n<p>Direction de la sant\u00e9, des affaires sociales et de l'int\u00e9gration du canton de Berne<br>M\u00e9decin-dentiste cantonal Rathausgasse 1 3011 Berne<\/p>\n\n\n\n<h3 class=\"wp-block-heading\">Clause de non-responsabilit\u00e9 (Disclaimer)<\/h3>\n\n\n\n<p>L'auteur n'assume aucune responsabilit\u00e9 quant \u00e0 l'exactitude, la pr\u00e9cision, l'actualit\u00e9, la fiabilit\u00e9 et l'exhaustivit\u00e9 du contenu des informations. L'auteur ne saurait \u00eatre tenu pour responsable des dommages mat\u00e9riels ou immat\u00e9riels qui pourraient \u00eatre caus\u00e9s par l'acc\u00e8s aux informations diffus\u00e9es ou par leur utilisation ou non-utilisation, par le mauvais usage de la connexion ou par des probl\u00e8mes techniques.<br>Toutes les offres sont sans engagement. L'auteur se r\u00e9serve express\u00e9ment le droit de modifier, de compl\u00e9ter ou de supprimer des parties de pages ou l'ensemble de l'offre sans avis pr\u00e9alable, ou d'en suspendre temporairement ou d\u00e9finitivement la publication.<\/p>\n\n\n\n<h3 class=\"wp-block-heading\">Responsabilit\u00e9 pour les liens<\/h3>\n\n\n\n<p>Les renvois et liens vers des sites web de tiers ne rel\u00e8vent pas de notre responsabilit\u00e9. Nous d\u00e9clinons toute responsabilit\u00e9 pour de tels sites. L'acc\u00e8s \u00e0 de tels sites et leur utilisation se font aux risques et p\u00e9rils de l'utilisateur ou de l'utilisatrice.<\/p>\n\n\n\n<h3 class=\"wp-block-heading\">Droits d'auteur<\/h3>\n\n\n\n<p>Les droits d'auteur et tous les autres droits relatifs aux contenus, images, photos ou autres fichiers figurant sur le site Internet appartiennent exclusivement au cabinet dentaire PARO DENT SA ou aux titulaires de droits sp\u00e9cialement cit\u00e9s. Pour la reproduction de tout \u00e9l\u00e9ment, l'accord \u00e9crit des d\u00e9tenteurs des droits d'auteur doit \u00eatre obtenu au pr\u00e9alable.<\/p>","protected":false},"excerpt":{"rendered":"<p>Kontaktadresse Zahnarztpraxis PARO DENT AGNeumarktstrasse 342502 Biel\/Bienne Schweizinfo@parodent.ch032 329 90 00 Vertretungsberechtigte Personen Dr. med. dent. Luca Pirracchio, Gesch\u00e4ftsleitung Handelsregistereintrag Eingetragener Firmenname: Zahnarztpraxis PARO DENT AGNummer: CH-036.3.079.015-5Handelsregisteramt: Kanton Bern Mehrwertsteuernummer CHE-224.042.088 MWST Aufsichtsbeh\u00f6rde Gesundheits-, Sozial- und Integrationsdirektion des Kantons BernKantonszahnarzt Rathausgasse 1 3011 Bern Haftungsausschluss (Disclaimer) Der Autor \u00fcbernimmt keinerlei Gew\u00e4hr hinsichtlich der inhaltlichen Richtigkeit, [&hellip;]<\/p>\n","protected":false},"author":2,"featured_media":0,"parent":0,"menu_order":0,"comment_status":"closed","ping_status":"closed","template":"","meta":{"footnotes":""},"class_list":["post-1434","page","type-page","status-publish","hentry"],"_links":{"self":[{"href":"https:\/\/parodent.ch\/fr\/wp-json\/wp\/v2\/pages\/1434","targetHints":{"allow":["GET"]}}],"collection":[{"href":"https:\/\/parodent.ch\/fr\/wp-json\/wp\/v2\/pages"}],"about":[{"href":"https:\/\/parodent.ch\/fr\/wp-json\/wp\/v2\/types\/page"}],"author":[{"embeddable":true,"href":"https:\/\/parodent.ch\/fr\/wp-json\/wp\/v2\/users\/2"}],"replies":[{"embeddable":true,"href":"https:\/\/parodent.ch\/fr\/wp-json\/wp\/v2\/comments?post=1434"}],"version-history":[{"count":0,"href":"https:\/\/parodent.ch\/fr\/wp-json\/wp\/v2\/pages\/1434\/revisions"}],"wp:attachment":[{"href":"https:\/\/parodent.ch\/fr\/wp-json\/wp\/v2\/media?parent=1434"}],"curies":[{"name":"wp","href":"https:\/\/api.w.org\/{rel}","templated":true}]}}