{"id":1378,"date":"2025-07-17T09:41:44","date_gmt":"2025-07-17T09:41:44","guid":{"rendered":"https:\/\/parodent.ch\/?page_id=1378"},"modified":"2026-03-12T13:29:53","modified_gmt":"2026-03-12T12:29:53","slug":"dentiste-pour-enfants-bienne","status":"publish","type":"page","link":"https:\/\/parodent.ch\/fr\/kinderzahnarzt-biel\/","title":{"rendered":"Dentiste p\u00e9diatrique Bienne"},"content":{"rendered":"<h2 class=\"wp-block-heading\">Le d\u00e9but chez le dentiste p\u00e9diatrique<\/h2>\n\n\n\n<p>Un bon d\u00e9part chez le dentiste est d\u00e9cisif pour la sant\u00e9 des dents \u00e0 long terme. Dans notre cabinet de Bienne, nous avons \u00e0 c\u0153ur de\u00a0<strong>une prise en charge prudente et adapt\u00e9e aux enfants<\/strong>\u00a0nous tient particuli\u00e8rement \u00e0 c\u0153ur. Nous prenons le temps d'\u00e9couter nos plus jeunes patients et de leur expliquer de mani\u00e8re ludique qu'une visite chez le dentiste ne doit pas \u00eatre une source d'angoisse.<\/p>\n\n\n\n<h2 class=\"wp-block-heading\">Prophylaxie - Pr\u00e9vention des maladies chez les enfants<\/h2>\n\n\n\n<p>Une bonne hygi\u00e8ne bucco-dentaire, pratiqu\u00e9e r\u00e9guli\u00e8rement, est essentielle pour pr\u00e9venir les caries. Les enfants devraient regarder leurs parents se brosser les dents afin qu'ils comprennent que le brossage des dents est normal. Nous recommandons de commencer \u00e0 brosser les dents d\u00e8s l'\u00e9ruption de la premi\u00e8re dent de lait, id\u00e9alement 2 \u00e0 3 fois par jour. En raison de leur petite taille, il est pr\u00e9f\u00e9rable d'utiliser une brosse \u00e0 dents pour enfants, avec des poils souples (brosse \u00e0 dents Soft) et un dentifrice pour enfants. Comme les enfants ne coop\u00e8rent souvent pas suffisamment, une brosse \u00e0 dents \u00e9lectrique peut faciliter la t\u00e2che des parents. A partir de l'\u00e2ge de 6 ans, on peut passer \u00e0 un dentifrice junior et, id\u00e9alement, nettoyer 1x\/semaine avec un gel fluor\u00e9 concentr\u00e9, par exemple Elmex gel\u00e9e.<\/p>\n\n\n\n<p>Le sucre est le principal aliment \u00e0 l'origine des caries. C'est surtout la fr\u00e9quence des produits sucr\u00e9s (p. ex. chocolat, miel, sirop, boissons sucr\u00e9es) qui joue un r\u00f4le d\u00e9cisif. Plus la consommation de produits sucr\u00e9s est fr\u00e9quente, plus le risque de caries est \u00e9lev\u00e9.<\/p>\n\n\n\n<h3 class=\"wp-block-heading\">Hygi\u00e8ne dentaire chez les enfants et \u00e9cole de brossage des dents<\/h3>\n\n\n\n<p>Comme pour les adultes, un nettoyage professionnel des dents dans le cadre d'une s\u00e9ance d'hygi\u00e8ne dentaire est \u00e9galement n\u00e9cessaire pour les enfants afin d'\u00e9liminer la plaque et le tartre. Les enfants profitent alors \u00e9galement de notre \u00e9cole de brossage des dents, en ce sens que nous leur montrons et leur expliquons des choses adapt\u00e9es \u00e0 leur \u00e2ge :<\/p>\n\n\n\n<ul class=\"wp-block-list\">\n<li>Comment se brosser les dents correctement, y compris la coloration de la plaque dentaire<\/li>\n\n\n\n<li>Pourquoi se brosser les dents est important<\/li>\n\n\n\n<li>Quels sont les aliments qui endommagent les dents ?<\/li>\n<\/ul>\n\n\n\n<p>Nos hygi\u00e9nistes dentaires sont habitu\u00e9es \u00e0 travailler avec des enfants et peuvent s'occuper de votre enfant avec patience et empathie.<\/p>\n\n\n\n<p>Gr\u00e2ce \u00e0 des s\u00e9ances d'hygi\u00e8ne dentaire r\u00e9guli\u00e8res, les enfants d\u00e9veloppent tr\u00e8s t\u00f4t leur propre conscience de la n\u00e9cessit\u00e9 d'avoir des dents saines - et prennent la responsabilit\u00e9 de leur hygi\u00e8ne buccale.<\/p>\n\n\n\n<h2 class=\"wp-block-heading\">Enfants &amp; peur du dentiste - Pas chez nous<\/h2>\n\n\n\n<p>Chez les enfants en particulier, la premi\u00e8re impression est d\u00e9cisive. Nous organisons chaque traitement avec calme et sensibilit\u00e9. Notre objectif est que votre enfant reparte avec un bon sentiment - et qu'il ait envie de revenir. Un traitement aussi peu anxiog\u00e8ne que possible est la pierre angulaire de la sant\u00e9 dentaire \u00e0 long terme.<br>En effet, si l'enfant d\u00e9veloppe d\u00e8s son plus jeune \u00e2ge une grande peur du dentiste, cela peut se transformer en phobie du dentiste, la visite chez le dentiste et l'hygi\u00e8ne dentaire sont \u00e9vit\u00e9es, ce qui fait que des maladies comme les caries et la parodontite ne sont pas d\u00e9tect\u00e9es \u00e0 temps et que des dommages irr\u00e9parables peuvent survenir. C'est pourquoi une introduction en douceur \u00e0 la m\u00e9decine dentaire est d'une importance capitale pour l'enfant.<br>Les traitements ne sont effectu\u00e9s que lorsque l'enfant se sent en s\u00e9curit\u00e9. La contrainte et la pression n'ont pas leur place dans la p\u00e9dodontie moderne.<\/p>\n\n\n\n<h2 class=\"wp-block-heading\">D\u00e9roulement d'un traitement et possibilit\u00e9s de traitement<\/h2>\n\n\n\n<p>Si un traitement, tel qu'une obturation dentaire, est n\u00e9cessaire pour votre enfant, il faut faire preuve de tact.<br>D\u00e8s la salle d'attente, nos plus jeunes patients sont accueillis dans une atmosph\u00e8re adapt\u00e9e aux enfants, avec des jouets, des crayons de couleur et des livres pour enfants, afin qu'ils se sentent le plus familier possible avec l'environnement.<br>Afin d'att\u00e9nuer la peur lors de la visite chez le dentiste, voire de l'\u00e9viter, nous attachons une grande importance \u00e0 expliquer le traitement \u00e0 l'enfant de mani\u00e8re ludique en menant une conversation habile. Ainsi, chez nous, les \u201epiq\u00fbres\u201c s'appellent par exemple \u201egouttes pour dormir\u201c. Pendant le traitement, l'enfant est distrait de mani\u00e8re cibl\u00e9e par une t\u00e9l\u00e9vision au plafond et des \u00e9couteurs, lorsque des dessins anim\u00e9s sont par exemple diffus\u00e9s. Gr\u00e2ce \u00e0 une distraction cibl\u00e9e, des explications imaginatives et un peu de patience, de nombreux enfants peuvent \u00eatre trait\u00e9s avec succ\u00e8s.<\/p>\n\n\n\n<p>Il arrive cependant r\u00e9guli\u00e8rement que, malgr\u00e9 tous nos efforts et notre patience, le traitement d'un enfant reste difficile. Nous avons la possibilit\u00e9 et la sp\u00e9cialisation d'utiliser des calmants l\u00e9gers et doux (s\u00e9datifs).<\/p>\n\n\n\n<h3 class=\"wp-block-heading\">S\u00e9dation l\u00e9g\u00e8re au gaz hilarant<\/h3>\n\n\n\n<p>L'enfant reste pleinement conscient, le protoxyde d'azote a un effet anxiolytique et apaisant. D\u00e8s que le gaz hilarant n'est plus inhal\u00e9, l'enfant atteint la pleine conscience et peut s'orienter pleinement.<\/p>\n\n\n\n<h3 class=\"wp-block-heading\">S\u00e9dation moyenne<\/h3>\n\n\n\n<p>La substance active midazolam (Dormicum) permet d'obtenir une s\u00e9dation un peu plus profonde qu'avec le protoxyde d'azote. L'enfant devient somnolent, mais reste pleinement conscient. Un certain degr\u00e9 de coop\u00e9ration est toutefois n\u00e9cessaire, m\u00eame en cas de s\u00e9dation avec du Dormicum.<\/p>\n\n\n\n<h3 class=\"wp-block-heading\">Anesth\u00e9sie g\u00e9n\u00e9rale<\/h3>\n\n\n\n<p>Gr\u00e2ce \u00e0 l'activit\u00e9 chirurgicale r\u00e9guli\u00e8re du Dr Pirracchio en tant que m\u00e9decin agr\u00e9\u00e9 au Centre hospitalier de Bienne, nous pouvons proposer une anesth\u00e9sie g\u00e9n\u00e9rale aux enfants qui ne coop\u00e8rent pas. Au Centre hospitalier Bienne, les enfants sont trait\u00e9s par des anesth\u00e9sistes p\u00e9diatriques exp\u00e9riment\u00e9s et sp\u00e9cialis\u00e9s du service de p\u00e9diatrie (clinique pour enfants Wildermeth).<\/p>\n\n\n\n<p>Ce fait pr\u00e9sente certains avantages par rapport aux \u00e9quipes d'anesth\u00e9sie mobiles :<\/p>\n\n\n\n<ul class=\"wp-block-list\">\n<li>Les anesth\u00e9sistes p\u00e9diatriques sp\u00e9cialis\u00e9s du Centre hospitalier Bienne ont une exp\u00e9rience nettement plus grande de l'anesth\u00e9sie des enfants et sont \u00e9quip\u00e9s d'une infrastructure sp\u00e9ciale. Votre enfant est ainsi entre de bonnes mains.<\/li>\n\n\n\n<li>En cas d'urgence dentaire, nous pouvons organiser rapidement un rendez-vous sous anesth\u00e9sie g\u00e9n\u00e9rale.<\/li>\n\n\n\n<li>Les anesth\u00e9sies g\u00e9n\u00e9rales au Centre hospitalier Bienne sont environ un tiers moins ch\u00e8res qu'avec des \u00e9quipes d'anesth\u00e9sie mobiles<\/li>\n<\/ul>","protected":false},"excerpt":{"rendered":"<p>Der Start beim Kinderzahnarzt Ein guter Start beim Zahnarzt ist entscheidend f\u00fcr die langfristige Gesundheit der Z\u00e4hne. In unserer Praxis in Biel liegt uns die\u00a0behutsame, kindgerechte Betreuung\u00a0besonders am Herzen. Wir nehmen uns Zeit f\u00fcr unsere j\u00fcngsten Patient:innen \u2013 und vermitteln ihnen spielerisch, dass ein Zahnarztbesuch nichts sein muss, wovor man Angst haben muss. Prophylaxe \u2013 [&hellip;]<\/p>\n","protected":false},"author":2,"featured_media":0,"parent":0,"menu_order":0,"comment_status":"closed","ping_status":"closed","template":"","meta":{"footnotes":""},"class_list":["post-1378","page","type-page","status-publish","hentry"],"_links":{"self":[{"href":"https:\/\/parodent.ch\/fr\/wp-json\/wp\/v2\/pages\/1378","targetHints":{"allow":["GET"]}}],"collection":[{"href":"https:\/\/parodent.ch\/fr\/wp-json\/wp\/v2\/pages"}],"about":[{"href":"https:\/\/parodent.ch\/fr\/wp-json\/wp\/v2\/types\/page"}],"author":[{"embeddable":true,"href":"https:\/\/parodent.ch\/fr\/wp-json\/wp\/v2\/users\/2"}],"replies":[{"embeddable":true,"href":"https:\/\/parodent.ch\/fr\/wp-json\/wp\/v2\/comments?post=1378"}],"version-history":[{"count":0,"href":"https:\/\/parodent.ch\/fr\/wp-json\/wp\/v2\/pages\/1378\/revisions"}],"wp:attachment":[{"href":"https:\/\/parodent.ch\/fr\/wp-json\/wp\/v2\/media?parent=1378"}],"curies":[{"name":"wp","href":"https:\/\/api.w.org\/{rel}","templated":true}]}}