{"id":2123,"date":"2026-02-27T08:43:32","date_gmt":"2026-02-27T08:43:32","guid":{"rendered":"https:\/\/parodent.ch\/?page_id=2123"},"modified":"2026-03-06T14:41:10","modified_gmt":"2026-03-06T13:41:10","slug":"dr-med-dent-phong-le","status":"publish","type":"page","link":"https:\/\/parodent.ch\/en\/dr-med-dent-phong-le\/","title":{"rendered":"Dr.med.dent. Phong L\u00ea"},"content":{"rendered":"<div class=\"wp-block-columns is-layout-flex wp-container-core-columns-is-layout-28f84493 wp-block-columns-is-layout-flex\">\n<div class=\"wp-block-column is-layout-flow wp-block-column-is-layout-flow\" style=\"flex-basis:20%\">\n<p><strong>Since 2023<\/strong><\/p>\n<\/div>\n\n\n\n<div class=\"wp-block-column is-layout-flow wp-block-column-is-layout-flow\" style=\"flex-basis:80%\">\n<p>PARO DENT AG dental practice<\/p>\n<\/div>\n<\/div>\n\n\n\n<div class=\"wp-block-columns is-layout-flex wp-container-core-columns-is-layout-28f84493 wp-block-columns-is-layout-flex\">\n<div class=\"wp-block-column is-layout-flow wp-block-column-is-layout-flow\" style=\"flex-basis:20%\">\n<p><strong>2022<\/strong><\/p>\n<\/div>\n\n\n\n<div class=\"wp-block-column is-layout-flow wp-block-column-is-layout-flow\" style=\"flex-basis:80%\">\n<p>State examination 2022 University of Bern with federal diploma<\/p>\n<\/div>\n<\/div>\n\n\n\n<div class=\"wp-block-columns is-layout-flex wp-container-core-columns-is-layout-28f84493 wp-block-columns-is-layout-flex\">\n<div class=\"wp-block-column is-layout-flow wp-block-column-is-layout-flow\" style=\"flex-basis:20%\">\n<p><strong>1994<\/strong><\/p>\n<\/div>\n\n\n\n<div class=\"wp-block-column is-layout-flow wp-block-column-is-layout-flow\" style=\"flex-basis:80%\">\n<p>Born and raised in Bern, citizen of Bern<\/p>\n<\/div>\n<\/div>\n\n\n\n<h2 class=\"wp-block-heading\">Languages<\/h2>\n\n\n\n<p>German, French, Vietnamese, English<\/p>","protected":false},"excerpt":{"rendered":"<p>Seit 2023 Zahnarztpraxis PARO DENT AG 2022 Staatsexamen 2022 Universit\u00e4t Bern mit eidg. Diplom 1994 Geboren und aufgewachsen in Bern, B\u00fcrger von Bern Sprachen Deutsch, Franz\u00f6sisch, Vietnamesisch, Englisch<\/p>","protected":false},"author":2,"featured_media":0,"parent":0,"menu_order":0,"comment_status":"closed","ping_status":"closed","template":"","meta":{"footnotes":""},"class_list":["post-2123","page","type-page","status-publish","hentry"],"_links":{"self":[{"href":"https:\/\/parodent.ch\/en\/wp-json\/wp\/v2\/pages\/2123","targetHints":{"allow":["GET"]}}],"collection":[{"href":"https:\/\/parodent.ch\/en\/wp-json\/wp\/v2\/pages"}],"about":[{"href":"https:\/\/parodent.ch\/en\/wp-json\/wp\/v2\/types\/page"}],"author":[{"embeddable":true,"href":"https:\/\/parodent.ch\/en\/wp-json\/wp\/v2\/users\/2"}],"replies":[{"embeddable":true,"href":"https:\/\/parodent.ch\/en\/wp-json\/wp\/v2\/comments?post=2123"}],"version-history":[{"count":0,"href":"https:\/\/parodent.ch\/en\/wp-json\/wp\/v2\/pages\/2123\/revisions"}],"wp:attachment":[{"href":"https:\/\/parodent.ch\/en\/wp-json\/wp\/v2\/media?parent=2123"}],"curies":[{"name":"wp","href":"https:\/\/api.w.org\/{rel}","templated":true}]}}