{"id":1867,"date":"2026-02-16T08:23:07","date_gmt":"2026-02-16T08:23:07","guid":{"rendered":"https:\/\/parodent.ch\/?page_id=1867"},"modified":"2026-02-16T09:28:11","modified_gmt":"2026-02-16T09:28:11","slug":"sports-mouthguard-biel","status":"publish","type":"page","link":"https:\/\/parodent.ch\/en\/sportmundschutz-biel\/","title":{"rendered":"Sports mouthguards - Safe protection for teeth during sports"},"content":{"rendered":"<p>Whether you play handball, ice hockey, boxing or mountain biking - many sports harbour an increased risk of tooth and jaw injuries. A customised sports mouthguard reliably protects your teeth from fractures, cracks or the loss of your teeth.<\/p>\n\n\n\n<p>A professional sports guard made in a dental practice offers many advantages over a conventional sports guard bought in a shop, because it is customised to you and your teeth.<\/p>\n\n\n\n<p>It offers optimum support and therefore better protection in the event of knocks or impact. Thanks to the customised fit, it is much more comfortable to wear and hardly restricts breathing. As a rule, durability and hygiene are also better than in conventional retail.<\/p>","protected":false},"excerpt":{"rendered":"<p>Ob beim Handball, Eishockey, Boxen oder Mountainbiken \u2013 viele Sportarten bergen ein erh\u00f6htes Risiko f\u00fcr Zahn- und Kieferverletzungen. Ein individuell angepasster Sportmundschutz sch\u00fctzt Ihre Z\u00e4hne zuverl\u00e4ssig vor Br\u00fcchen, Rissen oder dem Verlust Ihrer Z\u00e4hne. Ein professioneller Sportschutz, welcher in der Zahnarztpraxis hergestellt wird, bietet gegen\u00fcber einem herk\u00f6mmlichen im Handel gekauften Sportschutz viele Vorteile, denn er [&hellip;]<\/p>\n","protected":false},"author":2,"featured_media":0,"parent":0,"menu_order":0,"comment_status":"closed","ping_status":"closed","template":"","meta":{"footnotes":""},"class_list":["post-1867","page","type-page","status-publish","hentry"],"_links":{"self":[{"href":"https:\/\/parodent.ch\/en\/wp-json\/wp\/v2\/pages\/1867","targetHints":{"allow":["GET"]}}],"collection":[{"href":"https:\/\/parodent.ch\/en\/wp-json\/wp\/v2\/pages"}],"about":[{"href":"https:\/\/parodent.ch\/en\/wp-json\/wp\/v2\/types\/page"}],"author":[{"embeddable":true,"href":"https:\/\/parodent.ch\/en\/wp-json\/wp\/v2\/users\/2"}],"replies":[{"embeddable":true,"href":"https:\/\/parodent.ch\/en\/wp-json\/wp\/v2\/comments?post=1867"}],"version-history":[{"count":0,"href":"https:\/\/parodent.ch\/en\/wp-json\/wp\/v2\/pages\/1867\/revisions"}],"wp:attachment":[{"href":"https:\/\/parodent.ch\/en\/wp-json\/wp\/v2\/media?parent=1867"}],"curies":[{"name":"wp","href":"https:\/\/api.w.org\/{rel}","templated":true}]}}