{"id":1865,"date":"2026-02-16T08:22:21","date_gmt":"2026-02-16T08:22:21","guid":{"rendered":"https:\/\/parodent.ch\/?page_id=1865"},"modified":"2026-02-16T09:24:18","modified_gmt":"2026-02-16T09:24:18","slug":"surgical-interventions","status":"publish","type":"page","link":"https:\/\/parodent.ch\/en\/chirurgische-eingriffe\/","title":{"rendered":"Surgical interventions"},"content":{"rendered":"<p>We perform surgical procedures in our practice on a daily basis using state-of-the-art infrastructure. Thanks to our 3D X-ray, we are able to plan surgical procedures very precisely and therefore perform them safely. Proper diagnostics and planning, as well as informing the patient, are the basis for successful treatment. We offer the following procedures:<\/p>\n\n\n\n<ul class=\"wp-block-list\">\n<li>Tooth extractions<\/li>\n\n\n\n<li>Surgical removal of wisdom teeth<\/li>\n\n\n\n<li>Periodontal surgery (surgical treatment of periodontitis)<\/li>\n\n\n\n<li>Coverage of gingival recessions<\/li>\n\n\n\n<li>Root tip resections<\/li>\n\n\n\n<li>Placement of implants<\/li>\n\n\n\n<li>CO2 laser surgery of soft tissue, e.g. removal of lip bands, fibromas<\/li>\n<\/ul>","protected":false},"excerpt":{"rendered":"<p>Wir f\u00fchren bei uns in der Praxis t\u00e4glich chirurgische Eingriffe mit modernster Infrastruktur durch. Dank unserem 3D R\u00f6ntgen sind wir in der Lage, die chirurgischen Eingriffe sehr pr\u00e4zise zu planen und somit auch sicher durchzuf\u00fchren. Eine saubere Diagnostik und Planung, sowie Aufkl\u00e4rung des Patienten, sind die Basis f\u00fcr eine erfolgreiche Behandlung. Folgende Eingriffe bieten wir [&hellip;]<\/p>\n","protected":false},"author":2,"featured_media":0,"parent":0,"menu_order":0,"comment_status":"closed","ping_status":"closed","template":"","meta":{"footnotes":""},"class_list":["post-1865","page","type-page","status-publish","hentry"],"_links":{"self":[{"href":"https:\/\/parodent.ch\/en\/wp-json\/wp\/v2\/pages\/1865","targetHints":{"allow":["GET"]}}],"collection":[{"href":"https:\/\/parodent.ch\/en\/wp-json\/wp\/v2\/pages"}],"about":[{"href":"https:\/\/parodent.ch\/en\/wp-json\/wp\/v2\/types\/page"}],"author":[{"embeddable":true,"href":"https:\/\/parodent.ch\/en\/wp-json\/wp\/v2\/users\/2"}],"replies":[{"embeddable":true,"href":"https:\/\/parodent.ch\/en\/wp-json\/wp\/v2\/comments?post=1865"}],"version-history":[{"count":0,"href":"https:\/\/parodent.ch\/en\/wp-json\/wp\/v2\/pages\/1865\/revisions"}],"wp:attachment":[{"href":"https:\/\/parodent.ch\/en\/wp-json\/wp\/v2\/media?parent=1865"}],"curies":[{"name":"wp","href":"https:\/\/api.w.org\/{rel}","templated":true}]}}