{"id":1856,"date":"2026-02-16T08:17:28","date_gmt":"2026-02-16T08:17:28","guid":{"rendered":"https:\/\/parodent.ch\/?page_id=1856"},"modified":"2026-03-06T14:34:57","modified_gmt":"2026-03-06T13:34:57","slug":"anaesthesia-treatment","status":"publish","type":"page","link":"https:\/\/parodent.ch\/en\/narkosebehandlung\/","title":{"rendered":"Anaesthetic treatment for anxious patients"},"content":{"rendered":"<p>For many people, a visit to the dentist is associated with unpleasant feelings. We are used to dealing with anxious patients in our practice - we are confronted with them every day.<\/p>\n\n\n\n<p>The aim with anxious patients is to reduce their anxiety so that treatment is possible. By explaining what will happen before each treatment step, anxious patients can prepare themselves psychologically. Knowing what to expect, e.g. that pressure will be felt during tooth removal, often makes the treatment less anxiety-inducing.<\/p>\n\n\n\n<p>We have special techniques available for patients with syringe phobia so that the injection of the local anaesthetic is felt as little as possible. The pain caused by the injection can be reduced by applying a surface anaesthetic (spray) beforehand.<\/p>\n\n\n\n<p>The patient remains fully conscious and responsive, and the nitrous oxide has an anxiolytic and relaxing effect so that treatment can be carried out.<\/p>\n\n\n\n<p>If treatment is not possible despite all the sensitivity and use of nitrous oxide, we offer treatment under general anaesthetic for adults and children in collaboration with the Biel Hospital Centre. In the <a href=\"https:\/\/www.spitalzentrum-biel.ch\/\" target=\"_blank\" rel=\"noopener\">Biel Hospital Centre<\/a> children are treated by experienced and specialised paediatric anaesthetists from the paediatric department. <a href=\"https:\/\/www.spitalzentrum-biel.ch\/medizinisches-angebot\/abteilungen\/kinderklinik-wildermeth\" target=\"_blank\" rel=\"noopener\">Wildermeth Paediatric Clinic<\/a> treated.<\/p>","protected":false},"excerpt":{"rendered":"<p>Ein Zahnarztbesuch ist f\u00fcr viele Menschen mit unangenehmen Gef\u00fchlen verbunden. Den Umgang mit Angstpatienten sind wir in unserer Praxis gewohnt \u2013 wir sind t\u00e4glich damit konfrontiert. Das Ziel bei Angstpatienten ist, die Angst zu reduzieren, so dass eine Behandlung m\u00f6glich wird. Indem wir vor jedem Behandlungsschritt erkl\u00e4ren, was geschieht, k\u00f6nnen sich Angstpatienten psychologisch darauf vorbereiten. [&hellip;]<\/p>\n","protected":false},"author":2,"featured_media":0,"parent":0,"menu_order":0,"comment_status":"closed","ping_status":"closed","template":"","meta":{"footnotes":""},"class_list":["post-1856","page","type-page","status-publish","hentry"],"_links":{"self":[{"href":"https:\/\/parodent.ch\/en\/wp-json\/wp\/v2\/pages\/1856","targetHints":{"allow":["GET"]}}],"collection":[{"href":"https:\/\/parodent.ch\/en\/wp-json\/wp\/v2\/pages"}],"about":[{"href":"https:\/\/parodent.ch\/en\/wp-json\/wp\/v2\/types\/page"}],"author":[{"embeddable":true,"href":"https:\/\/parodent.ch\/en\/wp-json\/wp\/v2\/users\/2"}],"replies":[{"embeddable":true,"href":"https:\/\/parodent.ch\/en\/wp-json\/wp\/v2\/comments?post=1856"}],"version-history":[{"count":0,"href":"https:\/\/parodent.ch\/en\/wp-json\/wp\/v2\/pages\/1856\/revisions"}],"wp:attachment":[{"href":"https:\/\/parodent.ch\/en\/wp-json\/wp\/v2\/media?parent=1856"}],"curies":[{"name":"wp","href":"https:\/\/api.w.org\/{rel}","templated":true}]}}