{"id":1852,"date":"2026-02-16T08:15:45","date_gmt":"2026-02-16T08:15:45","guid":{"rendered":"https:\/\/parodent.ch\/?page_id=1852"},"modified":"2026-02-16T09:24:13","modified_gmt":"2026-02-16T09:24:13","slug":"removable-dentures","status":"publish","type":"page","link":"https:\/\/parodent.ch\/en\/abnehmbarer-zahnersatz\/","title":{"rendered":"Removable dentures - partial and full dentures"},"content":{"rendered":"<p>Removable dentures are particularly useful when several teeth are missing. Partial dentures are attached to the remaining teeth using retaining elements, such as metal clasps (model moulded dentures). There are also aesthetically very high-quality partial dentures in combination with press studs (hybrid dentures), where no metal is visible and the hold is even better. Partial dentures can also be anchored to implants instead of teeth if there are too few teeth.<\/p>\n\n\n\n<p>If no more teeth can be retained, complete dentures are used. The complete denture can also be anchored to implants if necessary, which can significantly improve retention and speech function.<\/p>\n\n\n\n<p>Removable dentures are often the cheaper option compared to fixed dentures, but they are also slightly less comfortable. Removable dentures should be removed from the mouth daily to clean them.<\/p>","protected":false},"excerpt":{"rendered":"<p>Abnehmbarer Zahnersatz ist vor allem dann sinnvoll, wenn mehrere Z\u00e4hne fehlen. Teilprothese werden mithilfe von Halteelemente an den restlichen Z\u00e4hnen befestigt, wie z.B. Klammern aus Metall (Modellgussprothese). Es gibt auch \u00e4sthetisch sehr hochwertige Teilprothesen in Kombination mit Druckkn\u00f6pfen (Hybridprothesen), bei denen kein Metall mehr sichtbar und der Halt nochmals besser ist. Teilprothesen k\u00f6nnen statt an [&hellip;]<\/p>\n","protected":false},"author":2,"featured_media":0,"parent":0,"menu_order":0,"comment_status":"closed","ping_status":"closed","template":"","meta":{"footnotes":""},"class_list":["post-1852","page","type-page","status-publish","hentry"],"_links":{"self":[{"href":"https:\/\/parodent.ch\/en\/wp-json\/wp\/v2\/pages\/1852","targetHints":{"allow":["GET"]}}],"collection":[{"href":"https:\/\/parodent.ch\/en\/wp-json\/wp\/v2\/pages"}],"about":[{"href":"https:\/\/parodent.ch\/en\/wp-json\/wp\/v2\/types\/page"}],"author":[{"embeddable":true,"href":"https:\/\/parodent.ch\/en\/wp-json\/wp\/v2\/users\/2"}],"replies":[{"embeddable":true,"href":"https:\/\/parodent.ch\/en\/wp-json\/wp\/v2\/comments?post=1852"}],"version-history":[{"count":0,"href":"https:\/\/parodent.ch\/en\/wp-json\/wp\/v2\/pages\/1852\/revisions"}],"wp:attachment":[{"href":"https:\/\/parodent.ch\/en\/wp-json\/wp\/v2\/media?parent=1852"}],"curies":[{"name":"wp","href":"https:\/\/api.w.org\/{rel}","templated":true}]}}