{"id":1618,"date":"2026-01-28T20:43:53","date_gmt":"2026-01-28T20:43:53","guid":{"rendered":"https:\/\/parodent.ch\/?page_id=1618"},"modified":"2026-02-27T08:02:02","modified_gmt":"2026-02-27T08:02:02","slug":"periodontology-biel","status":"publish","type":"page","link":"https:\/\/parodent.ch\/en\/parodontologie-biel\/","title":{"rendered":"Gum treatment - periodontology"},"content":{"rendered":"<h2 class=\"wp-block-heading\">Periodontitis - an underestimated widespread disease<\/h2>\n\n\n\n<p>Periodontitis (formerly known as periodontal disease) is a chronic inflammation of the periodontium which, if left untreated, usually leads to tooth loss. It is one of the most common diseases in the oral cavity and, according to studies, affects around 40% of adults - usually without those affected realising it. Most of those affected fall ill around the age of 35. If left untreated, periodontitis leads to tooth loss.<\/p>\n\n\n\n<p>The main cause of periodontitis is bacterial plaque and tartar, which form when oral hygiene is inadequate. The bacteria they contain initially trigger a superficial inflammation at the gum line (gingivitis). If this remains untreated, the inflammation can spread to the deeper tissue, resulting in a periodontal pocket - and thus periodontitis.<\/p>\n\n\n\n<h3 class=\"wp-block-heading\">Causes and risk factors of periodontitis<\/h3>\n\n\n\n<ul class=\"wp-block-list\">\n<li>Poor oral hygiene<\/li>\n\n\n\n<li>Smoking<\/li>\n\n\n\n<li>Diabetes<\/li>\n\n\n\n<li>Stress<\/li>\n\n\n\n<li>Genetic predisposition<\/li>\n\n\n\n<li>Hormonal changes (e.g. pregnancy)<\/li>\n\n\n\n<li>Unhealthy diet<\/li>\n<\/ul>\n\n\n\n<h3 class=\"wp-block-heading\">Symptoms<\/h3>\n\n\n\n<p>Periodontitis usually develops gradually and remains painless for a very long time. Typical signs are<\/p>\n\n\n\n<ul class=\"wp-block-list\">\n<li>Bleeding gums when brushing teeth<\/li>\n\n\n\n<li>Redness and swelling of the gums<\/li>\n\n\n\n<li>Bad breath<\/li>\n\n\n\n<li>Gum recession (teeth appear \u00bblonger\u00bb, dark interdental spaces)<\/li>\n\n\n\n<li>Increased tooth mobility<\/li>\n\n\n\n<li>Sensitive tooth necks<\/li>\n<\/ul>\n\n\n\n<h3 class=\"wp-block-heading\">Consequences<\/h3>\n\n\n\n<p>Without treatment, periodontitis leads to tooth loss. With tooth loss comes a loss of quality of life. Eating, speaking, singing and laughing become much more difficult for those affected, and periodontitis also has a negative effect on your appearance, as the gums recede further and further and the position of the teeth shifts.<\/p>\n\n\n\n<p>According to studies, patients suffering from periodontitis have an increased risk of cardiovascular disease, diabetes and premature births.<\/p>\n\n\n\n<h3 class=\"wp-block-heading\">Therapy<\/h3>\n\n\n\n<p>The aim of the therapy is to drastically minimise the number of bacteria on the tooth surfaces so that the inflammation in the tissue infected by bacteria recedes and the periodontitis can heal. This is achieved by<\/p>\n\n\n\n<ul class=\"wp-block-list\">\n<li>Professional teeth cleaning, ideally by a specialist periodontist, by removing plaque and tartar from the gum pockets and gum line<\/li>\n\n\n\n<li>Possible administration of antibiotics after professional tooth cleaning<\/li>\n\n\n\n<li>Optimum oral hygiene at home so that bacterial plaque can no longer accumulate<\/li>\n\n\n\n<li>A follow-up 2-3 months after the start of therapy<\/li>\n\n\n\n<li>Surgical therapy in severe cases<\/li>\n\n\n\n<li>Professional long-term care<\/li>\n<\/ul>\n\n\n\n<h3 class=\"wp-block-heading\">Possible side effects after periodontitis treatment<\/h3>\n\n\n\n<p>Possible side effects of gum treatment include the development of open interdental spaces, exposed tooth necks (gingival recessions) and the temporary sensitivity of individual teeth.<\/p>\n\n\n\n<h3 class=\"wp-block-heading\">Prevention<\/h3>\n\n\n\n<ul class=\"wp-block-list\">\n<li>Good oral hygiene, including cleaning the spaces between the teeth with interdental brushes or dental floss, as well as cleaning the tongue with a tongue scraper<\/li>\n\n\n\n<li>Stop smoking<\/li>\n\n\n\n<li>Healthy nutrition<\/li>\n\n\n\n<li>Regular check-ups at the dentist with teeth cleaning, at least once a year<\/li>\n<\/ul>\n\n\n\n<p><\/p>\n\n\n\n<div class=\"wp-block-buttons is-layout-flex wp-container-core-buttons-is-layout-9ec3b7da wp-block-buttons-is-layout-flex\">\n<div class=\"wp-block-button\"><a class=\"wp-block-button__link wp-element-button\" href=\"https:\/\/www.parodont.ch\/\" target=\"_blank\" rel=\"noopener\">More information on periodontitis<\/a><\/div>\n\n\n\n<div class=\"wp-block-button\"><a class=\"wp-block-button__link wp-element-button\" href=\"https:\/\/www.mundhygiene-instruktion.ch\/\" target=\"_blank\" rel=\"noopener\">Oral hygiene instruction<\/a><\/div>\n<\/div>\n\n\n\n<p><\/p>","protected":false},"excerpt":{"rendered":"<p>Parodontitis \u2013 Eine untersch\u00e4tzte Volkskrankheit Parodontitis (fr\u00fcher auch Parodontose genannt) ist eine chronische Entz\u00fcndung des Zahnhalteapparates, die unbehandelt in der Regel zum Zahnverlust f\u00fchrt. Sie z\u00e4hlt zu den h\u00e4ufigsten Erkrankungen im Mundraum und betrifft laut Studien ca. 40% der Erwachsenen \u2013 meistens ohne, dass die Betroffenen es wissen. Die meisten Betroffenen erkranken im Alter von [&hellip;]<\/p>\n","protected":false},"author":2,"featured_media":0,"parent":0,"menu_order":0,"comment_status":"closed","ping_status":"closed","template":"","meta":{"footnotes":""},"class_list":["post-1618","page","type-page","status-publish","hentry"],"_links":{"self":[{"href":"https:\/\/parodent.ch\/en\/wp-json\/wp\/v2\/pages\/1618","targetHints":{"allow":["GET"]}}],"collection":[{"href":"https:\/\/parodent.ch\/en\/wp-json\/wp\/v2\/pages"}],"about":[{"href":"https:\/\/parodent.ch\/en\/wp-json\/wp\/v2\/types\/page"}],"author":[{"embeddable":true,"href":"https:\/\/parodent.ch\/en\/wp-json\/wp\/v2\/users\/2"}],"replies":[{"embeddable":true,"href":"https:\/\/parodent.ch\/en\/wp-json\/wp\/v2\/comments?post=1618"}],"version-history":[{"count":0,"href":"https:\/\/parodent.ch\/en\/wp-json\/wp\/v2\/pages\/1618\/revisions"}],"wp:attachment":[{"href":"https:\/\/parodent.ch\/en\/wp-json\/wp\/v2\/media?parent=1618"}],"curies":[{"name":"wp","href":"https:\/\/api.w.org\/{rel}","templated":true}]}}